{"id":5251,"date":"2026-01-24T15:59:59","date_gmt":"2026-01-24T20:59:59","guid":{"rendered":"https:\/\/artim.ca\/?page_id=5251"},"modified":"2026-01-24T15:59:59","modified_gmt":"2026-01-24T20:59:59","slug":"reseaux-sociaux","status":"publish","type":"page","link":"https:\/\/artim.ca\/fr\/reseaux-sociaux\/","title":{"rendered":"R\u00e9seaux sociaux"},"content":{"rendered":"\t\t<div data-elementor-type=\"wp-page\" data-elementor-id=\"5251\" class=\"elementor elementor-5251 elementor-5249\" data-elementor-post-type=\"page\">\n\t\t\t\t\t\t<section class=\"elementor-section elementor-top-section elementor-element elementor-element-4ced07d elementor-section-content-top elementor-section-boxed elementor-section-height-default elementor-section-height-default\" data-id=\"4ced07d\" data-element_type=\"section\">\n\t\t\t\t\t\t<div class=\"elementor-container elementor-column-gap-default\">\n\t\t\t\t\t<div class=\"elementor-column elementor-col-100 elementor-top-column elementor-element elementor-element-8ab4d65\" data-id=\"8ab4d65\" data-element_type=\"column\">\n\t\t\t<div class=\"elementor-widget-wrap elementor-element-populated\">\n\t\t\t\t\t\t<div class=\"elementor-element elementor-element-4394511 elementor-widget elementor-widget-heading\" data-id=\"4394511\" data-element_type=\"widget\" data-widget_type=\"heading.default\">\n\t\t\t\t<div class=\"elementor-widget-container\">\n\t\t\t\t\t<h4 class=\"elementor-heading-title elementor-size-default\">Veuillez trouver ci-dessous nos comptes sur les r\u00e9seaux sociaux, o\u00f9 nous partageons r\u00e9guli\u00e8rement des mises \u00e0 jour, des analyses juridiques et du contenu informatif.<\/h4>\t\t\t\t<\/div>\n\t\t\t\t<\/div>\n\t\t\t\t\t<\/div>\n\t\t<\/div>\n\t\t\t\t\t<\/div>\n\t\t<\/section>\n\t\t\t\t<section class=\"elementor-section elementor-top-section elementor-element elementor-element-13b2cd0 elementor-section-boxed elementor-section-height-default elementor-section-height-default\" data-id=\"13b2cd0\" data-element_type=\"section\">\n\t\t\t\t\t\t<div class=\"elementor-container elementor-column-gap-default\">\n\t\t\t\t\t<div class=\"elementor-column elementor-col-100 elementor-top-column elementor-element elementor-element-fead3ce\" data-id=\"fead3ce\" data-element_type=\"column\">\n\t\t\t<div class=\"elementor-widget-wrap elementor-element-populated\">\n\t\t\t\t\t\t<div class=\"elementor-element elementor-element-5f7c9d4 elementor-widget-divider--view-line_icon elementor-view-default elementor-widget-divider--element-align-center elementor-widget elementor-widget-divider\" data-id=\"5f7c9d4\" data-element_type=\"widget\" data-widget_type=\"divider.default\">\n\t\t\t\t<div class=\"elementor-widget-container\">\n\t\t\t\t\t\t\t<div class=\"elementor-divider\">\n\t\t\t<span class=\"elementor-divider-separator\">\n\t\t\t\t\t\t\t<div class=\"elementor-icon elementor-divider__element\">\n\t\t\t\t\t<svg xmlns=\"http:\/\/www.w3.org\/2000\/svg\" xmlns:xlink=\"http:\/\/www.w3.org\/1999\/xlink\" id=\"Layer_1\" x=\"0px\" y=\"0px\" width=\"500px\" height=\"500px\" viewBox=\"0 0 500 500\" xml:space=\"preserve\"><g>\t<rect x=\"10.505\" y=\"261.609\" fill-rule=\"evenodd\" clip-rule=\"evenodd\" fill=\"#C71F25\" width=\"228.649\" height=\"228.637\"><\/rect>\t<g>\t\t<path d=\"M239.154,10.081v228.697h-38.659V103.793l-68.914,90.44h-13.125l-69.295-90.44v134.984H10.505V10.081h13.492    l101.029,134.555L226.028,10.081H239.154z\"><\/path>\t<\/g>\t<g>\t\t<path d=\"M490.676,261.574v228.688h-38.657V355.294l-68.921,90.445h-13.126l-69.282-90.445v134.968h-38.663V261.574h13.495    l101.01,134.566l101.018-134.566H490.676z\"><\/path>\t<\/g>\t<rect x=\"262.396\" y=\"10.101\" fill-rule=\"evenodd\" clip-rule=\"evenodd\" fill=\"#C71F25\" width=\"228.648\" height=\"228.649\"><\/rect><\/g><\/svg><\/div>\n\t\t\t\t\t\t<\/span>\n\t\t<\/div>\n\t\t\t\t\t\t<\/div>\n\t\t\t\t<\/div>\n\t\t\t\t\t<\/div>\n\t\t<\/div>\n\t\t\t\t\t<\/div>\n\t\t<\/section>\n\t\t\t\t<section class=\"elementor-section elementor-top-section elementor-element elementor-element-379eeb6 elementor-section-content-middle elementor-section-stretched elementor-section-boxed elementor-section-height-default elementor-section-height-default\" data-id=\"379eeb6\" data-element_type=\"section\" data-settings=\"{&quot;background_background&quot;:&quot;classic&quot;,&quot;stretch_section&quot;:&quot;section-stretched&quot;}\">\n\t\t\t\t\t\t<div class=\"elementor-container elementor-column-gap-no\">\n\t\t\t\t\t<div class=\"elementor-column elementor-col-100 elementor-top-column elementor-element elementor-element-3904f192\" data-id=\"3904f192\" data-element_type=\"column\">\n\t\t\t<div class=\"elementor-widget-wrap elementor-element-populated\">\n\t\t\t\t\t\t<section class=\"elementor-section elementor-inner-section elementor-element elementor-element-6b31e0f elementor-section-content-middle elementor-section-boxed elementor-section-height-default elementor-section-height-default\" data-id=\"6b31e0f\" data-element_type=\"section\">\n\t\t\t\t\t\t<div class=\"elementor-container elementor-column-gap-default\">\n\t\t\t\t\t<div class=\"elementor-column elementor-col-100 elementor-inner-column elementor-element elementor-element-7f8d5bc\" data-id=\"7f8d5bc\" data-element_type=\"column\">\n\t\t\t<div class=\"elementor-widget-wrap elementor-element-populated\">\n\t\t\t\t\t\t<div class=\"elementor-element elementor-element-8c1a264 elementor-widget__width-auto elementor-view-default elementor-widget elementor-widget-icon\" data-id=\"8c1a264\" data-element_type=\"widget\" data-widget_type=\"icon.default\">\n\t\t\t\t<div class=\"elementor-widget-container\">\n\t\t\t\t\t\t\t<div class=\"elementor-icon-wrapper\">\n\t\t\t<div class=\"elementor-icon\">\n\t\t\t<i aria-hidden=\"true\" class=\"fab fa-canadian-maple-leaf\"><\/i>\t\t\t<\/div>\n\t\t<\/div>\n\t\t\t\t\t\t<\/div>\n\t\t\t\t<\/div>\n\t\t\t\t<div class=\"elementor-element elementor-element-98076f7 elementor-widget__width-auto elementor-widget elementor-widget-heading\" data-id=\"98076f7\" data-element_type=\"widget\" data-widget_type=\"heading.default\">\n\t\t\t\t<div class=\"elementor-widget-container\">\n\t\t\t\t\t<h2 class=\"elementor-heading-title elementor-size-default\">M\u00e9dias et communications<\/h2>\t\t\t\t<\/div>\n\t\t\t\t<\/div>\n\t\t\t\t<div class=\"elementor-element elementor-element-03a0ac0 elementor-widget__width-auto elementor-view-default elementor-widget elementor-widget-icon\" data-id=\"03a0ac0\" data-element_type=\"widget\" data-widget_type=\"icon.default\">\n\t\t\t\t<div class=\"elementor-widget-container\">\n\t\t\t\t\t\t\t<div class=\"elementor-icon-wrapper\">\n\t\t\t<div class=\"elementor-icon\">\n\t\t\t<i aria-hidden=\"true\" class=\"fab fa-canadian-maple-leaf\"><\/i>\t\t\t<\/div>\n\t\t<\/div>\n\t\t\t\t\t\t<\/div>\n\t\t\t\t<\/div>\n\t\t\t\t\t<\/div>\n\t\t<\/div>\n\t\t\t\t\t<\/div>\n\t\t<\/section>\n\t\t\t\t<div class=\"elementor-element elementor-element-102f129 elementor-flip-box--direction-right elementor-widget__width-initial elementor-widget-tablet__width-initial elementor-widget-mobile__width-inherit elementor-flip-box--effect-flip elementor-widget elementor-widget-flip-box\" data-id=\"102f129\" data-element_type=\"widget\" data-widget_type=\"flip-box.default\">\n\t\t\t\t<div class=\"elementor-widget-container\">\n\t\t\t\t\t\t\t<div class=\"elementor-flip-box\" tabindex=\"0\">\n\t\t\t<div class=\"elementor-flip-box__layer elementor-flip-box__front\">\n\t\t\t\t<div class=\"elementor-flip-box__layer__overlay\">\n\t\t\t\t\t<div class=\"elementor-flip-box__layer__inner\">\n\t\t\t\t\t\t\t\t\t\t\t\t\t<div class=\"elementor-flip-box__image\">\n\t\t\t\t\t\t\t\t<img fetchpriority=\"high\" decoding=\"async\" width=\"2000\" height=\"1200\" src=\"https:\/\/artim.ca\/wp-content\/uploads\/2026\/01\/1-1.jpg\" class=\"attachment-full size-full wp-image-5308\" alt=\"\" srcset=\"https:\/\/artim.ca\/wp-content\/uploads\/2026\/01\/1-1.jpg 2000w, https:\/\/artim.ca\/wp-content\/uploads\/2026\/01\/1-1-300x180.jpg 300w, https:\/\/artim.ca\/wp-content\/uploads\/2026\/01\/1-1-1024x614.jpg 1024w, https:\/\/artim.ca\/wp-content\/uploads\/2026\/01\/1-1-768x461.jpg 768w, https:\/\/artim.ca\/wp-content\/uploads\/2026\/01\/1-1-1536x922.jpg 1536w\" sizes=\"(max-width: 2000px) 100vw, 2000px\" title=\"\">\t\t\t\t\t\t\t<\/div>\n\t\t\t\t\t\t\n\t\t\t\t\t\t\t\t\t\t\t\t\t<h3 class=\"elementor-flip-box__layer__title\">\n\t\t\t\t\t\t\t\tInstagram - fran\u00e7ais et anglais\t\t\t\t\t\t\t<\/h3>\n\t\t\t\t\t\t\n\t\t\t\t\t\t\t\t\t\t\t<\/div>\n\t\t\t\t<\/div>\n\t\t\t<\/div>\n\t\t\t<div class=\"elementor-flip-box__layer elementor-flip-box__back\">\n\t\t\t<div class=\"elementor-flip-box__layer__overlay\">\n\t\t\t\t<div class=\"elementor-flip-box__layer__inner\">\n\t\t\t\t\t\n\t\t\t\t\t\t\t\t\t\t\t<div class=\"elementor-flip-box__layer__description\">\n\t\t\t\t\t\t\tSuivez notre page Instagram en fran\u00e7ais et en anglais\t\t\t\t\t\t<\/div>\n\t\t\t\t\t\n\t\t\t\t\t\t\t\t\t\t\t<a class=\"elementor-flip-box__button elementor-button elementor-size-sm\" href=\"https:\/\/www.instagram.com\/martineaumindicanu_en.fr?igsh=Mm93cjh6eWExOWxt\" target=\"_blank\" rel=\"noopener\">\n\t\t\t\t\t\t\tSuivre\t\t\t\t\t\t<\/a>\n\t\t\t\t\t\t\t\t<\/div>\n\t\t<\/div>\n\t\t<\/div>\n\t\t<\/div>\n\t\t\t\t\t\t<\/div>\n\t\t\t\t<\/div>\n\t\t\t\t<div class=\"elementor-element elementor-element-d39993d elementor-flip-box--direction-right elementor-widget__width-initial elementor-widget-tablet__width-initial elementor-widget-mobile__width-inherit elementor-flip-box--effect-flip elementor-widget elementor-widget-flip-box\" data-id=\"d39993d\" data-element_type=\"widget\" data-widget_type=\"flip-box.default\">\n\t\t\t\t<div class=\"elementor-widget-container\">\n\t\t\t\t\t\t\t<div class=\"elementor-flip-box\" tabindex=\"0\">\n\t\t\t<div class=\"elementor-flip-box__layer elementor-flip-box__front\">\n\t\t\t\t<div class=\"elementor-flip-box__layer__overlay\">\n\t\t\t\t\t<div class=\"elementor-flip-box__layer__inner\">\n\t\t\t\t\t\t\t\t\t\t\t\t\t<div class=\"elementor-flip-box__image\">\n\t\t\t\t\t\t\t\t<img decoding=\"async\" width=\"768\" height=\"461\" src=\"https:\/\/artim.ca\/wp-content\/uploads\/2026\/01\/2-1-768x461.jpg\" class=\"attachment-medium_large size-medium_large wp-image-5311\" alt=\"\" srcset=\"https:\/\/artim.ca\/wp-content\/uploads\/2026\/01\/2-1-768x461.jpg 768w, https:\/\/artim.ca\/wp-content\/uploads\/2026\/01\/2-1-300x180.jpg 300w, https:\/\/artim.ca\/wp-content\/uploads\/2026\/01\/2-1-1024x614.jpg 1024w, https:\/\/artim.ca\/wp-content\/uploads\/2026\/01\/2-1-1536x922.jpg 1536w, https:\/\/artim.ca\/wp-content\/uploads\/2026\/01\/2-1.jpg 2000w\" sizes=\"(max-width: 768px) 100vw, 768px\" title=\"\">\t\t\t\t\t\t\t<\/div>\n\t\t\t\t\t\t\n\t\t\t\t\t\t\t\t\t\t\t\t\t<h3 class=\"elementor-flip-box__layer__title\">\n\t\t\t\t\t\t\t\tLinkedin\t\t\t\t\t\t\t<\/h3>\n\t\t\t\t\t\t\n\t\t\t\t\t\t\t\t\t\t\t<\/div>\n\t\t\t\t<\/div>\n\t\t\t<\/div>\n\t\t\t<div class=\"elementor-flip-box__layer elementor-flip-box__back\">\n\t\t\t<div class=\"elementor-flip-box__layer__overlay\">\n\t\t\t\t<div class=\"elementor-flip-box__layer__inner\">\n\t\t\t\t\t\n\t\t\t\t\t\t\t\t\t\t\t<div class=\"elementor-flip-box__layer__description\">\n\t\t\t\t\t\t\tSuivez-nous sur LinkedIn\t\t\t\t\t\t<\/div>\n\t\t\t\t\t\n\t\t\t\t\t\t\t\t\t\t\t<a class=\"elementor-flip-box__button elementor-button elementor-size-sm\" href=\"https:\/\/www.linkedin.com\/company\/martineau-mindicanu\/\" target=\"_blank\" rel=\"noopener\">\n\t\t\t\t\t\t\tSuivre\t\t\t\t\t\t<\/a>\n\t\t\t\t\t\t\t\t<\/div>\n\t\t<\/div>\n\t\t<\/div>\n\t\t<\/div>\n\t\t\t\t\t\t<\/div>\n\t\t\t\t<\/div>\n\t\t\t\t<div class=\"elementor-element elementor-element-898fe8b elementor-flip-box--direction-right elementor-widget__width-initial elementor-widget-tablet__width-initial elementor-widget-mobile__width-inherit elementor-flip-box--effect-flip elementor-widget elementor-widget-flip-box\" data-id=\"898fe8b\" data-element_type=\"widget\" data-widget_type=\"flip-box.default\">\n\t\t\t\t<div class=\"elementor-widget-container\">\n\t\t\t\t\t\t\t<div class=\"elementor-flip-box\" tabindex=\"0\">\n\t\t\t<div class=\"elementor-flip-box__layer elementor-flip-box__front\">\n\t\t\t\t<div class=\"elementor-flip-box__layer__overlay\">\n\t\t\t\t\t<div class=\"elementor-flip-box__layer__inner\">\n\t\t\t\t\t\t\t\t\t\t\t\t\t<div class=\"elementor-flip-box__image\">\n\t\t\t\t\t\t\t\t<img decoding=\"async\" width=\"2000\" height=\"1200\" src=\"https:\/\/artim.ca\/wp-content\/uploads\/2026\/01\/5-1.jpg\" class=\"attachment-full size-full wp-image-5320\" alt=\"\" srcset=\"https:\/\/artim.ca\/wp-content\/uploads\/2026\/01\/5-1.jpg 2000w, https:\/\/artim.ca\/wp-content\/uploads\/2026\/01\/5-1-300x180.jpg 300w, https:\/\/artim.ca\/wp-content\/uploads\/2026\/01\/5-1-1024x614.jpg 1024w, https:\/\/artim.ca\/wp-content\/uploads\/2026\/01\/5-1-768x461.jpg 768w, https:\/\/artim.ca\/wp-content\/uploads\/2026\/01\/5-1-1536x922.jpg 1536w\" sizes=\"(max-width: 2000px) 100vw, 2000px\" title=\"\">\t\t\t\t\t\t\t<\/div>\n\t\t\t\t\t\t\n\t\t\t\t\t\t\t\t\t\t\t\t\t<h3 class=\"elementor-flip-box__layer__title\">\n\t\t\t\t\t\t\t\tWhatsApp\t\t\t\t\t\t\t<\/h3>\n\t\t\t\t\t\t\n\t\t\t\t\t\t\t\t\t\t\t<\/div>\n\t\t\t\t<\/div>\n\t\t\t<\/div>\n\t\t\t<div class=\"elementor-flip-box__layer elementor-flip-box__back\">\n\t\t\t<div class=\"elementor-flip-box__layer__overlay\">\n\t\t\t\t<div class=\"elementor-flip-box__layer__inner\">\n\t\t\t\t\t\n\t\t\t\t\t\t\t\t\t\t\t<div class=\"elementor-flip-box__layer__description\">\n\t\t\t\t\t\t\tFaites partie de notre communaut\u00e9 WhatsApp (en espagnol)\t\t\t\t\t\t<\/div>\n\t\t\t\t\t\n\t\t\t\t\t\t\t\t\t\t\t<a class=\"elementor-flip-box__button elementor-button elementor-size-sm\" href=\"https:\/\/whatsapp.com\/channel\/0029VaZW5H5AojYrie91uT3W\" target=\"_blank\" rel=\"noopener\">\n\t\t\t\t\t\t\tSuivre\t\t\t\t\t\t<\/a>\n\t\t\t\t\t\t\t\t<\/div>\n\t\t<\/div>\n\t\t<\/div>\n\t\t<\/div>\n\t\t\t\t\t\t<\/div>\n\t\t\t\t<\/div>\n\t\t\t\t<div class=\"elementor-element elementor-element-27e89e8 elementor-flip-box--direction-right elementor-widget__width-initial elementor-widget-tablet__width-initial elementor-widget-mobile__width-inherit elementor-flip-box--effect-flip elementor-widget elementor-widget-flip-box\" data-id=\"27e89e8\" data-element_type=\"widget\" data-widget_type=\"flip-box.default\">\n\t\t\t\t<div class=\"elementor-widget-container\">\n\t\t\t\t\t\t\t<div class=\"elementor-flip-box\" tabindex=\"0\">\n\t\t\t<div class=\"elementor-flip-box__layer elementor-flip-box__front\">\n\t\t\t\t<div class=\"elementor-flip-box__layer__overlay\">\n\t\t\t\t\t<div class=\"elementor-flip-box__layer__inner\">\n\t\t\t\t\t\t\t\t\t\t\t\t\t<div class=\"elementor-flip-box__image\">\n\t\t\t\t\t\t\t\t<img loading=\"lazy\" decoding=\"async\" width=\"768\" height=\"461\" src=\"https:\/\/artim.ca\/wp-content\/uploads\/2026\/01\/6-1-768x461.jpg\" class=\"attachment-medium_large size-medium_large wp-image-5323\" alt=\"\" srcset=\"https:\/\/artim.ca\/wp-content\/uploads\/2026\/01\/6-1-768x461.jpg 768w, https:\/\/artim.ca\/wp-content\/uploads\/2026\/01\/6-1-300x180.jpg 300w, https:\/\/artim.ca\/wp-content\/uploads\/2026\/01\/6-1-1024x614.jpg 1024w, https:\/\/artim.ca\/wp-content\/uploads\/2026\/01\/6-1-1536x922.jpg 1536w, https:\/\/artim.ca\/wp-content\/uploads\/2026\/01\/6-1.jpg 2000w\" sizes=\"(max-width: 768px) 100vw, 768px\" title=\"\">\t\t\t\t\t\t\t<\/div>\n\t\t\t\t\t\t\n\t\t\t\t\t\t\t\t\t\t\t\t\t<h3 class=\"elementor-flip-box__layer__title\">\n\t\t\t\t\t\t\t\tFacebook\t\t\t\t\t\t\t<\/h3>\n\t\t\t\t\t\t\n\t\t\t\t\t\t\t\t\t\t\t<\/div>\n\t\t\t\t<\/div>\n\t\t\t<\/div>\n\t\t\t<div class=\"elementor-flip-box__layer elementor-flip-box__back\">\n\t\t\t<div class=\"elementor-flip-box__layer__overlay\">\n\t\t\t\t<div class=\"elementor-flip-box__layer__inner\">\n\t\t\t\t\t\n\t\t\t\t\t\t\t\t\t\t\t<div class=\"elementor-flip-box__layer__description\">\n\t\t\t\t\t\t\tSuivez-nous sur Facebook\t\t\t\t\t\t<\/div>\n\t\t\t\t\t\n\t\t\t\t\t\t\t\t\t\t\t<a class=\"elementor-flip-box__button elementor-button elementor-size-sm\" href=\"https:\/\/www.facebook.com\/artim.ca\">\n\t\t\t\t\t\t\tSuivre\t\t\t\t\t\t<\/a>\n\t\t\t\t\t\t\t\t<\/div>\n\t\t<\/div>\n\t\t<\/div>\n\t\t<\/div>\n\t\t\t\t\t\t<\/div>\n\t\t\t\t<\/div>\n\t\t\t\t<div class=\"elementor-element elementor-element-673864b elementor-flip-box--direction-right elementor-widget__width-initial elementor-widget-tablet__width-initial elementor-widget-mobile__width-inherit elementor-flip-box--effect-flip elementor-widget elementor-widget-flip-box\" data-id=\"673864b\" data-element_type=\"widget\" data-widget_type=\"flip-box.default\">\n\t\t\t\t<div class=\"elementor-widget-container\">\n\t\t\t\t\t\t\t<div class=\"elementor-flip-box\" tabindex=\"0\">\n\t\t\t<div class=\"elementor-flip-box__layer elementor-flip-box__front\">\n\t\t\t\t<div class=\"elementor-flip-box__layer__overlay\">\n\t\t\t\t\t<div class=\"elementor-flip-box__layer__inner\">\n\t\t\t\t\t\t\t\t\t\t\t\t\t<div class=\"elementor-flip-box__image\">\n\t\t\t\t\t\t\t\t<img loading=\"lazy\" decoding=\"async\" width=\"768\" height=\"461\" src=\"https:\/\/artim.ca\/wp-content\/uploads\/2026\/01\/1-1-768x461.jpg\" class=\"attachment-medium_large size-medium_large wp-image-5308\" alt=\"\" srcset=\"https:\/\/artim.ca\/wp-content\/uploads\/2026\/01\/1-1-768x461.jpg 768w, https:\/\/artim.ca\/wp-content\/uploads\/2026\/01\/1-1-300x180.jpg 300w, https:\/\/artim.ca\/wp-content\/uploads\/2026\/01\/1-1-1024x614.jpg 1024w, https:\/\/artim.ca\/wp-content\/uploads\/2026\/01\/1-1-1536x922.jpg 1536w, https:\/\/artim.ca\/wp-content\/uploads\/2026\/01\/1-1.jpg 2000w\" sizes=\"(max-width: 768px) 100vw, 768px\" title=\"\">\t\t\t\t\t\t\t<\/div>\n\t\t\t\t\t\t\n\t\t\t\t\t\t\t\t\t\t\t\t\t<h3 class=\"elementor-flip-box__layer__title\">\n\t\t\t\t\t\t\t\tInstagram \u2013 espagnol\t\t\t\t\t\t\t<\/h3>\n\t\t\t\t\t\t\n\t\t\t\t\t\t\t\t\t\t\t<\/div>\n\t\t\t\t<\/div>\n\t\t\t<\/div>\n\t\t\t<div class=\"elementor-flip-box__layer elementor-flip-box__back\">\n\t\t\t<div class=\"elementor-flip-box__layer__overlay\">\n\t\t\t\t<div class=\"elementor-flip-box__layer__inner\">\n\t\t\t\t\t\n\t\t\t\t\t\t\t\t\t\t\t<div class=\"elementor-flip-box__layer__description\">\n\t\t\t\t\t\t\tSuivez notre page Instagram en espagnol\t\t\t\t\t\t<\/div>\n\t\t\t\t\t\n\t\t\t\t\t\t\t\t\t\t\t<a class=\"elementor-flip-box__button elementor-button elementor-size-sm\" href=\"https:\/\/www.instagram.com\/martineaumindicanu\/\" target=\"_blank\" rel=\"noopener\">\n\t\t\t\t\t\t\tSuivre\t\t\t\t\t\t<\/a>\n\t\t\t\t\t\t\t\t<\/div>\n\t\t<\/div>\n\t\t<\/div>\n\t\t<\/div>\n\t\t\t\t\t\t<\/div>\n\t\t\t\t<\/div>\n\t\t\t\t<div class=\"elementor-element elementor-element-12a3a6f elementor-flip-box--direction-right elementor-widget__width-initial elementor-widget-tablet__width-initial elementor-widget-mobile__width-inherit elementor-flip-box--effect-flip elementor-widget elementor-widget-flip-box\" data-id=\"12a3a6f\" data-element_type=\"widget\" data-widget_type=\"flip-box.default\">\n\t\t\t\t<div class=\"elementor-widget-container\">\n\t\t\t\t\t\t\t<div class=\"elementor-flip-box\" tabindex=\"0\">\n\t\t\t<div class=\"elementor-flip-box__layer elementor-flip-box__front\">\n\t\t\t\t<div class=\"elementor-flip-box__layer__overlay\">\n\t\t\t\t\t<div class=\"elementor-flip-box__layer__inner\">\n\t\t\t\t\t\t\t\t\t\t\t\t\t<div class=\"elementor-flip-box__image\">\n\t\t\t\t\t\t\t\t<img loading=\"lazy\" decoding=\"async\" width=\"2000\" height=\"1200\" src=\"https:\/\/artim.ca\/wp-content\/uploads\/2026\/01\/3-1.jpg\" class=\"attachment-full size-full wp-image-5314\" alt=\"\" srcset=\"https:\/\/artim.ca\/wp-content\/uploads\/2026\/01\/3-1.jpg 2000w, https:\/\/artim.ca\/wp-content\/uploads\/2026\/01\/3-1-300x180.jpg 300w, https:\/\/artim.ca\/wp-content\/uploads\/2026\/01\/3-1-1024x614.jpg 1024w, https:\/\/artim.ca\/wp-content\/uploads\/2026\/01\/3-1-768x461.jpg 768w, https:\/\/artim.ca\/wp-content\/uploads\/2026\/01\/3-1-1536x922.jpg 1536w\" sizes=\"(max-width: 2000px) 100vw, 2000px\" title=\"\">\t\t\t\t\t\t\t<\/div>\n\t\t\t\t\t\t\n\t\t\t\t\t\t\t\t\t\t\t\t\t<h3 class=\"elementor-flip-box__layer__title\">\n\t\t\t\t\t\t\t\tTikTok\t\t\t\t\t\t\t<\/h3>\n\t\t\t\t\t\t\n\t\t\t\t\t\t\t\t\t\t\t<\/div>\n\t\t\t\t<\/div>\n\t\t\t<\/div>\n\t\t\t<div class=\"elementor-flip-box__layer elementor-flip-box__back\">\n\t\t\t<div class=\"elementor-flip-box__layer__overlay\">\n\t\t\t\t<div class=\"elementor-flip-box__layer__inner\">\n\t\t\t\t\t\n\t\t\t\t\t\t\t\t\t\t\t<div class=\"elementor-flip-box__layer__description\">\n\t\t\t\t\t\t\tSuivez-nous sur TikTok\t\t\t\t\t\t<\/div>\n\t\t\t\t\t\n\t\t\t\t\t\t\t\t\t\t\t<a class=\"elementor-flip-box__button elementor-button elementor-size-sm\" href=\"https:\/\/www.tiktok.com\/@martineaumindicanu\" target=\"_blank\" rel=\"noopener\">\n\t\t\t\t\t\t\tSuivre\t\t\t\t\t\t<\/a>\n\t\t\t\t\t\t\t\t<\/div>\n\t\t<\/div>\n\t\t<\/div>\n\t\t<\/div>\n\t\t\t\t\t\t<\/div>\n\t\t\t\t<\/div>\n\t\t\t\t<div class=\"elementor-element elementor-element-98b6fa6 elementor-flip-box--direction-right elementor-widget__width-initial elementor-widget-tablet__width-initial elementor-widget-mobile__width-inherit elementor-flip-box--effect-flip elementor-widget elementor-widget-flip-box\" data-id=\"98b6fa6\" data-element_type=\"widget\" data-widget_type=\"flip-box.default\">\n\t\t\t\t<div class=\"elementor-widget-container\">\n\t\t\t\t\t\t\t<div class=\"elementor-flip-box\" tabindex=\"0\">\n\t\t\t<div class=\"elementor-flip-box__layer elementor-flip-box__front\">\n\t\t\t\t<div class=\"elementor-flip-box__layer__overlay\">\n\t\t\t\t\t<div class=\"elementor-flip-box__layer__inner\">\n\t\t\t\t\t\t\t\t\t\t\t\t\t<div class=\"elementor-flip-box__image\">\n\t\t\t\t\t\t\t\t<img loading=\"lazy\" decoding=\"async\" width=\"768\" height=\"461\" src=\"https:\/\/artim.ca\/wp-content\/uploads\/2026\/01\/7-1-768x461.jpg\" class=\"attachment-medium_large size-medium_large wp-image-5326\" alt=\"\" srcset=\"https:\/\/artim.ca\/wp-content\/uploads\/2026\/01\/7-1-768x461.jpg 768w, https:\/\/artim.ca\/wp-content\/uploads\/2026\/01\/7-1-300x180.jpg 300w, https:\/\/artim.ca\/wp-content\/uploads\/2026\/01\/7-1-1024x614.jpg 1024w, https:\/\/artim.ca\/wp-content\/uploads\/2026\/01\/7-1-1536x922.jpg 1536w, https:\/\/artim.ca\/wp-content\/uploads\/2026\/01\/7-1.jpg 2000w\" sizes=\"(max-width: 768px) 100vw, 768px\" title=\"\">\t\t\t\t\t\t\t<\/div>\n\t\t\t\t\t\t\n\t\t\t\t\t\t\t\t\t\t\t\t\t<h3 class=\"elementor-flip-box__layer__title\">\n\t\t\t\t\t\t\t\tDans les m\u00e9dias\t\t\t\t\t\t\t<\/h3>\n\t\t\t\t\t\t\n\t\t\t\t\t\t\t\t\t\t\t<\/div>\n\t\t\t\t<\/div>\n\t\t\t<\/div>\n\t\t\t<div class=\"elementor-flip-box__layer elementor-flip-box__back\">\n\t\t\t<div class=\"elementor-flip-box__layer__overlay\">\n\t\t\t\t<div class=\"elementor-flip-box__layer__inner\">\n\t\t\t\t\t\n\t\t\t\t\t\t\t\t\t\t\t<div class=\"elementor-flip-box__layer__description\">\n\t\t\t\t\t\t\tNotre pr\u00e9sence dans les m\u00e9dias\t\t\t\t\t\t<\/div>\n\t\t\t\t\t\n\t\t\t\t\t\t\t\t\t\t\t<a class=\"elementor-flip-box__button elementor-button elementor-size-sm\" href=\"https:\/\/elblog.artim.ca\/tramites-migratorios-2\/tramites-migratorios\/inmigracion-canadiense-yves-martineau-opina\/\" target=\"_blank\">\n\t\t\t\t\t\t\tLire plus\t\t\t\t\t\t<\/a>\n\t\t\t\t\t\t\t\t<\/div>\n\t\t<\/div>\n\t\t<\/div>\n\t\t<\/div>\n\t\t\t\t\t\t<\/div>\n\t\t\t\t<\/div>\n\t\t\t\t<div class=\"elementor-element elementor-element-c8bfa3a elementor-flip-box--direction-right elementor-widget__width-initial elementor-widget-tablet__width-initial elementor-widget-mobile__width-inherit elementor-flip-box--effect-flip elementor-widget elementor-widget-flip-box\" data-id=\"c8bfa3a\" data-element_type=\"widget\" data-widget_type=\"flip-box.default\">\n\t\t\t\t<div class=\"elementor-widget-container\">\n\t\t\t\t\t\t\t<div class=\"elementor-flip-box\" tabindex=\"0\">\n\t\t\t<div class=\"elementor-flip-box__layer elementor-flip-box__front\">\n\t\t\t\t<div class=\"elementor-flip-box__layer__overlay\">\n\t\t\t\t\t<div class=\"elementor-flip-box__layer__inner\">\n\t\t\t\t\t\t\t\t\t\t\t\t\t<div class=\"elementor-flip-box__image\">\n\t\t\t\t\t\t\t\t<img loading=\"lazy\" decoding=\"async\" width=\"768\" height=\"461\" src=\"https:\/\/artim.ca\/wp-content\/uploads\/2026\/01\/Logos-Redes-Sociales-Pagina-Web--768x461.jpg\" class=\"attachment-medium_large size-medium_large wp-image-5366\" alt=\"Boletin informativo. Actualidad Migratoria. Newsletter\" srcset=\"https:\/\/artim.ca\/wp-content\/uploads\/2026\/01\/Logos-Redes-Sociales-Pagina-Web--768x461.jpg 768w, https:\/\/artim.ca\/wp-content\/uploads\/2026\/01\/Logos-Redes-Sociales-Pagina-Web--300x180.jpg 300w, https:\/\/artim.ca\/wp-content\/uploads\/2026\/01\/Logos-Redes-Sociales-Pagina-Web--1024x614.jpg 1024w, https:\/\/artim.ca\/wp-content\/uploads\/2026\/01\/Logos-Redes-Sociales-Pagina-Web--1536x922.jpg 1536w, https:\/\/artim.ca\/wp-content\/uploads\/2026\/01\/Logos-Redes-Sociales-Pagina-Web-.jpg 2000w\" sizes=\"(max-width: 768px) 100vw, 768px\" title=\"\">\t\t\t\t\t\t\t<\/div>\n\t\t\t\t\t\t\n\t\t\t\t\t\t\t\t\t\t\t\t\t<h3 class=\"elementor-flip-box__layer__title\">\n\t\t\t\t\t\t\t\tInfolettre \u2013 espagnol\t\t\t\t\t\t\t<\/h3>\n\t\t\t\t\t\t\n\t\t\t\t\t\t\t\t\t\t\t<\/div>\n\t\t\t\t<\/div>\n\t\t\t<\/div>\n\t\t\t<div class=\"elementor-flip-box__layer elementor-flip-box__back\">\n\t\t\t<div class=\"elementor-flip-box__layer__overlay\">\n\t\t\t\t<div class=\"elementor-flip-box__layer__inner\">\n\t\t\t\t\t\n\t\t\t\t\t\t\t\t\t\t\t<div class=\"elementor-flip-box__layer__description\">\n\t\t\t\t\t\t\tAbonnez-vous \u00e0 notre infolettre en espagnol\t\t\t\t\t\t<\/div>\n\t\t\t\t\t\n\t\t\t\t\t\t\t\t\t\t\t<a class=\"elementor-flip-box__button elementor-button elementor-size-sm\" href=\"https:\/\/elblog.artim.ca\/boletin-informativo\/\">\n\t\t\t\t\t\t\tS\u2019abonner\t\t\t\t\t\t<\/a>\n\t\t\t\t\t\t\t\t<\/div>\n\t\t<\/div>\n\t\t<\/div>\n\t\t<\/div>\n\t\t\t\t\t\t<\/div>\n\t\t\t\t<\/div>\n\t\t\t\t\t<\/div>\n\t\t<\/div>\n\t\t\t\t\t<\/div>\n\t\t<\/section>\n\t\t\t\t<\/div>\n\t\t","protected":false},"excerpt":{"rendered":"<p>Veuillez trouver ci-dessous nos comptes sur les r\u00e9seaux sociaux, o\u00f9 nous partageons r\u00e9guli\u00e8rement des mises \u00e0 jour, des analyses juridiques et du contenu informatif. &nbsp; M\u00e9dias et communications Instagram &#8211; fran\u00e7ais et anglais Suivez notre page Instagram en fran\u00e7ais et en anglais Suivre Linkedin Suivez-nous sur LinkedIn Suivre WhatsApp Faites partie de notre communaut\u00e9 WhatsApp [&hellip;]<\/p>\n","protected":false},"author":6,"featured_media":0,"parent":0,"menu_order":0,"comment_status":"closed","ping_status":"closed","template":"","meta":{"footnotes":""},"class_list":["post-5251","page","type-page","status-publish","hentry"],"_links":{"self":[{"href":"https:\/\/artim.ca\/fr\/wp-json\/wp\/v2\/pages\/5251","targetHints":{"allow":["GET"]}}],"collection":[{"href":"https:\/\/artim.ca\/fr\/wp-json\/wp\/v2\/pages"}],"about":[{"href":"https:\/\/artim.ca\/fr\/wp-json\/wp\/v2\/types\/page"}],"author":[{"embeddable":true,"href":"https:\/\/artim.ca\/fr\/wp-json\/wp\/v2\/users\/6"}],"replies":[{"embeddable":true,"href":"https:\/\/artim.ca\/fr\/wp-json\/wp\/v2\/comments?post=5251"}],"version-history":[{"count":8,"href":"https:\/\/artim.ca\/fr\/wp-json\/wp\/v2\/pages\/5251\/revisions"}],"predecessor-version":[{"id":5396,"href":"https:\/\/artim.ca\/fr\/wp-json\/wp\/v2\/pages\/5251\/revisions\/5396"}],"wp:attachment":[{"href":"https:\/\/artim.ca\/fr\/wp-json\/wp\/v2\/media?parent=5251"}],"curies":[{"name":"wp","href":"https:\/\/api.w.org\/{rel}","templated":true}]}}