{"id":3163,"date":"2021-02-03T00:00:14","date_gmt":"2021-02-03T05:00:14","guid":{"rendered":"https:\/\/dasstaging.ga\/?page_id=3163"},"modified":"2025-11-23T20:48:43","modified_gmt":"2025-11-24T01:48:43","slug":"accord-pour-consultation-preliminaire","status":"publish","type":"page","link":"https:\/\/artim.ca\/fr\/accord-pour-consultation-preliminaire\/","title":{"rendered":"Accord pour la consultation pr\u00e9liminaire"},"content":{"rendered":"\t\t<div data-elementor-type=\"wp-page\" data-elementor-id=\"3163\" class=\"elementor elementor-3163 elementor-1426\" data-elementor-post-type=\"page\">\n\t\t\t\t\t\t<section class=\"elementor-section elementor-top-section elementor-element elementor-element-9aa19b6 elementor-section-boxed elementor-section-height-default elementor-section-height-default\" data-id=\"9aa19b6\" data-element_type=\"section\">\n\t\t\t\t\t\t<div class=\"elementor-container elementor-column-gap-default\">\n\t\t\t\t\t<div class=\"elementor-column elementor-col-100 elementor-top-column elementor-element elementor-element-80a5a44\" data-id=\"80a5a44\" data-element_type=\"column\">\n\t\t\t<div class=\"elementor-widget-wrap elementor-element-populated\">\n\t\t\t\t\t\t<section class=\"elementor-section elementor-inner-section elementor-element elementor-element-310694d elementor-section-boxed elementor-section-height-default elementor-section-height-default\" data-id=\"310694d\" data-element_type=\"section\">\n\t\t\t\t\t\t<div class=\"elementor-container elementor-column-gap-default\">\n\t\t\t\t\t<div class=\"elementor-column elementor-col-100 elementor-inner-column elementor-element elementor-element-a9da16e\" data-id=\"a9da16e\" data-element_type=\"column\">\n\t\t\t<div class=\"elementor-widget-wrap elementor-element-populated\">\n\t\t\t\t\t\t<div class=\"elementor-element elementor-element-d36d797 elementor-widget elementor-widget-text-editor\" data-id=\"d36d797\" data-element_type=\"widget\" data-widget_type=\"text-editor.default\">\n\t\t\t\t<div class=\"elementor-widget-container\">\n\t\t\t\t\t\t\t\t\t<ul>\n<li><a href=\"#french\">Acc\u00e9der \u00e0 la version en anglais<\/a><\/li>\n<li><a href=\"#spanish\">Acc\u00e9der \u00e0 la version en espagnole<\/a><\/li>\n<\/ul>\n\t\t\t\t\t\t\t\t<\/div>\n\t\t\t\t<\/div>\n\t\t\t\t\t<\/div>\n\t\t<\/div>\n\t\t\t\t\t<\/div>\n\t\t<\/section>\n\t\t\t\t<section class=\"elementor-section elementor-inner-section elementor-element elementor-element-03b4503 elementor-section-boxed elementor-section-height-default elementor-section-height-default\" data-id=\"03b4503\" data-element_type=\"section\">\n\t\t\t\t\t\t<div class=\"elementor-container elementor-column-gap-default\">\n\t\t\t\t\t<div class=\"elementor-column elementor-col-100 elementor-inner-column elementor-element elementor-element-6fbb602\" data-id=\"6fbb602\" data-element_type=\"column\">\n\t\t\t<div class=\"elementor-widget-wrap elementor-element-populated\">\n\t\t\t\t\t\t<div class=\"elementor-element elementor-element-4e83e14 elementor-widget elementor-widget-heading\" data-id=\"4e83e14\" data-element_type=\"widget\" data-widget_type=\"heading.default\">\n\t\t\t\t<div class=\"elementor-widget-container\">\n\t\t\t\t\t<h4 class=\"elementor-heading-title elementor-size-default\">Accord pour la consultation pr\u00e9liminaire:<\/h4>\t\t\t\t<\/div>\n\t\t\t\t<\/div>\n\t\t\t\t<div class=\"elementor-element elementor-element-ea17224 elementor-widget-divider--view-line elementor-widget elementor-widget-divider\" data-id=\"ea17224\" data-element_type=\"widget\" data-widget_type=\"divider.default\">\n\t\t\t\t<div class=\"elementor-widget-container\">\n\t\t\t\t\t\t\t<div class=\"elementor-divider\">\n\t\t\t<span class=\"elementor-divider-separator\">\n\t\t\t\t\t\t<\/span>\n\t\t<\/div>\n\t\t\t\t\t\t<\/div>\n\t\t\t\t<\/div>\n\t\t\t\t<div class=\"elementor-element elementor-element-f986fc4 elementor-widget elementor-widget-text-editor\" data-id=\"f986fc4\" data-element_type=\"widget\" data-widget_type=\"text-editor.default\">\n\t\t\t\t<div class=\"elementor-widget-container\">\n\t\t\t\t\t\t\t\t\t<ol>\n<li>Ces termes l\u00e9gaux font r\u00e9f\u00e9rence \u00e0 la consultation pr\u00e9liminaire effectu\u00e9e par le repr\u00e9sentant autoris\u00e9 en immigration choisi par le client, membre du cabinet Martineau &amp; Mindicanu et inscrit au Barreau du Qu\u00e9bec ou au Coll\u00e8ge des consultants en immigration et en citoyennet\u00e9 (ci-apr\u00e8s nomm\u00e9 l\u2019avocat\/consultant), ayant un lieu d\u2019affaires au 7450 rue Saint-Hubert, Montr\u00e9al, Qu\u00e9bec, Canada, H2R 2N3, t\u00e9l\u00e9phone 1-514-360-3190, courriel: <a href=\"mailto:info@artim.ca\" target=\"_blank\" rel=\"nofollow noopener\">info@artim.ca<\/a>, sujette aux conditions g\u00e9n\u00e9rales suivantes.<\/li>\n<li>Pendant cette consultation, l\u2019avocat\/consultant \u00e9valuera l\u2019admissibilit\u00e9 et l\u2019\u00e9ligibilit\u00e9 du client \u00e0 un programme d\u2019immigration temporaire ou permanente au Canada et\/ou r\u00e9pondra \u00e0 toute question du client relative \u00e0 l\u2019immigration au Canada (quelle que soit la province).<\/li>\n<li><strong>Les frais r\u00e9guliers<\/strong> de la consultation sont de 350 dollars canadiens, payables en fid\u00e9icommis au moment de programmer la consultation. Pour la consultation d&rsquo;urgence, des frais suppl\u00e9mentaires de 100$ s&rsquo;appliquent. Les taxes de vente provinciales et f\u00e9d\u00e9rales s\u2019appliquent si le client se trouve physiquement au Canada au moment de la consultation. Si le client engage le cabinet pour le repr\u00e9senter devant les autorit\u00e9s d\u2019immigration, les honoraires de la consultation pr\u00e9liminaire seront d\u00e9duits du total des frais de services futurs, comme suit :\n<ul>\n<li>La d\u00e9duction ne s\u2019applique que pour les contrats de repr\u00e9sentation sign\u00e9s au cours des 4 semaines suivant la consultation pr\u00e9liminaire lorsque la d\u00e9duction repr\u00e9sente 10% ou moins du total des honoraires de repr\u00e9sentation.<\/li>\n<li>La d\u00e9duction des honoraires de la consultation pr\u00e9liminaire s&rsquo;applique une seule fois.<\/li>\n<li>Les frais additionnels de la consultation d\u2019urgence de 100$ ne sont pas d\u00e9duits des honoraires totaux.<\/li>\n<\/ul>\n<\/li>\n<li>Si le client a besoin de <strong>changer l&rsquo;horaire du rendez-vous<\/strong>, cela peut \u00eatre fait jusqu&rsquo;\u00e0 48 heures avant le rendez-vous, \u00e0 moins qu\u2019il y ait Force majeure.<\/li>\n<li>La force majeure est un \u00e9v\u00e9nement impr\u00e9visible et irr\u00e9sistible; y est assimil\u00e9e la cause \u00e9trang\u00e8re qui pr\u00e9sente ces m\u00eames caract\u00e8res. L\u2019avocat\/consultant pourrait demander la preuve d\u2019un tel \u00e9v\u00e9nement.<\/li>\n<li>En cas d\u2019annulation, les honoraires sont remboursables, moins des frais administratifs de 20%. Cela peut \u00eatre fait jusqu&rsquo;\u00e0 48 heures avant le rendez-vous. Les remboursements peuvent prendre jusqu&rsquo;\u00e0 5 jours ouvrables et seront cr\u00e9dit\u00e9s sur la m\u00eame carte de cr\u00e9dit utilis\u00e9e au moment de la r\u00e9servation.<\/li>\n<li>La consultation est d\u2019une dur\u00e9e de <strong>60 minutes<\/strong>. Si, par accord mutuel entre le client et l\u2019avocat\/consultant, la consultation est r\u00e9duite \u00e0 une dur\u00e9e inf\u00e9rieure \u00e0 60 minutes, les minutes non utilis\u00e9es ne pourront \u00eatre report\u00e9es pour des services futurs et ne donneront pas droit \u00e0 un rabais. Si le client arrive en retard, le temps perdu ne sera pas compens\u00e9 et aucun remboursement ne sera effectu\u00e9. Le paiement de la consultation est acquis \u00e0 l\u2019avocat\/consultant m\u00eame si le client ne se pr\u00e9sente pas au rendez-vous de consultation.<\/li>\n<li>Le client sera inform\u00e9 des frais d\u2019honoraires pour les contrats de repr\u00e9sentation lors de la consultation pr\u00e9liminaire ou peu de temps apr\u00e8s celle-ci. Ces honoraires sont \u00e9tablis selon divers facteurs, notamment le type de programme d\u2019immigration, la composition de la famille, le degr\u00e9 de complexit\u00e9 ou toute circonstance particuli\u00e8re, \u00e0 la base de l\u2019information divulgu\u00e9e par le client lors de la consultation. \u00c0 moins qu&rsquo;un contrat ne soit sign\u00e9 dans les 4 semaines suivant la consultation, les frais sont sujets \u00e0 changement sans pr\u00e9avis.<\/li>\n<li>En prenant la consultation, le client n\u2019a aucune obligation d\u2019embaucher le cabinet. Si le client souhaite engager le cabinet, cela serait possible si l\u2019avocat\/consultant confirme l\u2019\u00e9ligibilit\u00e9 du client lors de la consultation et la capacit\u00e9 \u00e0 le repr\u00e9senter. La consultation n\u2019implique pas que l\u2019avocat\/consultant repr\u00e9sente le client devant les autorit\u00e9s d\u2019immigration, et n\u2019oblige pas le cabinet \u00e0 signer un contrat de repr\u00e9sentation par la suite.<\/li>\n<li>Les informations fournies par le client sont strictement confidentielles et ne seront partag\u00e9es avec aucun tiers.<\/li>\n<li>Le client peut partager des copies de documents avant ou pendant la consultation. Avant la consultation, l\u2019avocat\/consultant n\u2019a aucune obligation de lire m\u00eame partiellement les copies de documents partag\u00e9es. Le cabinet se r\u00e9serve le droit de d\u00e9truire les copies sans d\u00e9lai apr\u00e8s la consultation.<\/li>\n<li>Les termes et conditions de cet accord sont r\u00e9gies exclusivement par les lois en vigueur au Qu\u00e9bec, Canada. Toute dispute ou diff\u00e9rend relatif \u00e0 l\u2019application ou l\u2019interpr\u00e9tation de cet accord, ou de toute autre fa\u00e7on relatif \u00e0 cet accord, sera entendu exclusivement par une autorit\u00e9 du Qu\u00e9bec, au Canada.<\/li>\n<li>En acceptant ces termes, le client atteste avoir lu, compris et accept\u00e9 les termes et conditions ci-dessus et avoir lu les d\u00e9tails suppl\u00e9mentaires figurant sur cette <a href=\"https:\/\/artim.ca\/fr\/details-consultation\/\" target=\"_blank\" rel=\"nofollow noopener\">page<\/a>.<\/li>\n<\/ol>\n\t\t\t\t\t\t\t\t<\/div>\n\t\t\t\t<\/div>\n\t\t\t\t\t<\/div>\n\t\t<\/div>\n\t\t\t\t\t<\/div>\n\t\t<\/section>\n\t\t\t\t<section class=\"elementor-section elementor-inner-section elementor-element elementor-element-2ef1f8a elementor-section-boxed elementor-section-height-default elementor-section-height-default\" data-id=\"2ef1f8a\" data-element_type=\"section\">\n\t\t\t\t\t\t<div class=\"elementor-container elementor-column-gap-default\">\n\t\t\t\t\t<div class=\"elementor-column elementor-col-100 elementor-inner-column elementor-element elementor-element-c987d16\" data-id=\"c987d16\" data-element_type=\"column\">\n\t\t\t<div class=\"elementor-widget-wrap elementor-element-populated\">\n\t\t\t\t\t\t<div class=\"elementor-element elementor-element-c854d08 elementor-widget elementor-widget-heading\" data-id=\"c854d08\" data-element_type=\"widget\" id=\"french\" data-widget_type=\"heading.default\">\n\t\t\t\t<div class=\"elementor-widget-container\">\n\t\t\t\t\t<h4 class=\"elementor-heading-title elementor-size-default\">Preliminary Consultation Agreement:<\/h4>\t\t\t\t<\/div>\n\t\t\t\t<\/div>\n\t\t\t\t<div class=\"elementor-element elementor-element-cca1c49 elementor-widget-divider--view-line elementor-widget elementor-widget-divider\" data-id=\"cca1c49\" data-element_type=\"widget\" data-widget_type=\"divider.default\">\n\t\t\t\t<div class=\"elementor-widget-container\">\n\t\t\t\t\t\t\t<div class=\"elementor-divider\">\n\t\t\t<span class=\"elementor-divider-separator\">\n\t\t\t\t\t\t<\/span>\n\t\t<\/div>\n\t\t\t\t\t\t<\/div>\n\t\t\t\t<\/div>\n\t\t\t\t<div class=\"elementor-element elementor-element-5da303d elementor-widget elementor-widget-text-editor\" data-id=\"5da303d\" data-element_type=\"widget\" data-widget_type=\"text-editor.default\">\n\t\t\t\t<div class=\"elementor-widget-container\">\n\t\t\t\t\t\t\t\t\t<ol>\n<li>These legal terms refer to the consultation conducted by the authorized immigration representative chosen by the client, who is a member of the Martineau &amp; Mindicanu firm and licensed by the Barreau du Qu\u00e9bec or the College of Immigration and Citizenship Consultants, with a place of business at 7450 St-Hubert, Montreal, QC Canada H2R 2N3, 1-514-360-3190, <a href=\"mailto:info@artim.ca\" target=\"_blank\" rel=\"nofollow noopener\">info@artim.ca<\/a> (hereinafter referred to as the Lawyer\/Consultant), subject to the following terms and conditions.<\/li>\n<li>During the consultation, the Lawyer\/Consultant will assess the client\u2019s eligibility and qualifications for permanent or temporary immigration to Canada and\/or reply to any questions related to Canadian Immigration law (regardless of the province).<\/li>\n<li>The <strong>regular consultation fee<\/strong> is 350 Canadian dollars, to be paid in trust at the time of booking the consultation. For the emergency consultation, an additional charge of $100 applies. Canadian provincial and federal sales taxes apply if the client is physically in Canada at the time of the consultation. Should the client hire the firm to represent him in front of the Canadian immigration authorities after the consultation, the fees for the regular consultation will be deducted from the total fee for the representation services, as follows:\n<ul>\n<li>The discount applies when a contract is signed within 4 weeks after the date of the preliminary consultation and when it represents 10% or less of the total fee for the representation services.<\/li>\n<li>The deduction of the fees for the preliminary consultation can be applied only once.<\/li>\n<li>The emergency fee of $100 does not serve as a discount.<\/li>\n<\/ul>\n<\/li>\n<li>Should the client need to <strong>change the schedule of the appointment<\/strong>, this can be done up to 48 hours before the appointment, unless in case of Force majeure.<\/li>\n<li>Force majeure is an unforeseeable and irresistible event, including external causes with the same characteristics. The Lawyer\/Consultant may ask for proof of such an event.<\/li>\n<li>The consultation can be cancelled and the fee is reimbursable, minus an administrative fee of 20%. This can be done up to 48 hours before the appointment. Reimbursements may take up to 5 business days and will be credited to the same credit card used at the time of booking.<\/li>\n<li>The consultation is to last <strong>60 minutes<\/strong>. Should it last less upon mutual agreement, the minutes left may not be used for other future services and could not be compensated in the way of a partial reimbursement of the consultation fee. Should the client be late for the appointment, or not appear at all, the time lost due to a late arrival of the client will not be compensated and no refund will be issued.<\/li>\n<li>The Lawyer\/Consultant will inform the client of the fee for the representation services during the consultation or soon after. The fee is established based on a variety of factors including, in particular, the type of immigration program, the number of family members, the complexity of the case, or any particular circumstance. Unless a contract is signed within 4 weeks after the consultation, the fees are subject to change without notice, especially if new elements or circumstances warrant it.<\/li>\n<li>By taking the consultation the client has no obligation to hire the firm for any further immigration procedures. Should the client want to hire the firm, this would be possible if the Lawyer\/Consultant confirms the eligibility of the client during the consultation and the ability to represent him. Taking the consultation does not imply that the Lawyer\/Consultant represents the client before any immigration authority, and does not bind the firm to sign a representation agreement.<\/li>\n<li>The information provided by the client is strictly confidential and will not be shared with any third party.<\/li>\n<li>The client may share copies of documents with the Lawyer\/Consultant before or during the consultation. Before the consultation, the Lawyer\/Consultant has no obligation to read, even partially, the shared copies of documents. The firm reserves the right to destroy the copies after the consultation.<\/li>\n<li>These terms and conditions shall be governed exclusively by the laws in effect in the Province of Quebec, Canada and any dispute in respect to the application or interpretation of the present agreement, or in any other way emerging from or related to the present agreement, shall be heard exclusively by an authority of the Province of Quebec, Canada.<\/li>\n<li>By accepting these terms, the client agrees to have read and understood the above terms and conditions and to have read the additional details set in this <a href=\"https:\/\/artim.ca\/fr\/details-consultation\/\" target=\"_blank\" rel=\"nofollow noopener\">page<\/a>.<\/li>\n<\/ol>\n\t\t\t\t\t\t\t\t<\/div>\n\t\t\t\t<\/div>\n\t\t\t\t\t<\/div>\n\t\t<\/div>\n\t\t\t\t\t<\/div>\n\t\t<\/section>\n\t\t\t\t<section class=\"elementor-section elementor-inner-section elementor-element elementor-element-6ffa443 elementor-section-boxed elementor-section-height-default elementor-section-height-default\" data-id=\"6ffa443\" data-element_type=\"section\">\n\t\t\t\t\t\t<div class=\"elementor-container elementor-column-gap-default\">\n\t\t\t\t\t<div class=\"elementor-column elementor-col-100 elementor-inner-column elementor-element elementor-element-a7f1382\" data-id=\"a7f1382\" data-element_type=\"column\">\n\t\t\t<div class=\"elementor-widget-wrap elementor-element-populated\">\n\t\t\t\t\t\t<div class=\"elementor-element elementor-element-d7c9244 elementor-widget elementor-widget-heading\" data-id=\"d7c9244\" data-element_type=\"widget\" id=\"spanish\" data-widget_type=\"heading.default\">\n\t\t\t\t<div class=\"elementor-widget-container\">\n\t\t\t\t\t<h4 class=\"elementor-heading-title elementor-size-default\">Convenio para consulta preliminar:<\/h4>\t\t\t\t<\/div>\n\t\t\t\t<\/div>\n\t\t\t\t<div class=\"elementor-element elementor-element-7d56fd3 elementor-widget-divider--view-line elementor-widget elementor-widget-divider\" data-id=\"7d56fd3\" data-element_type=\"widget\" data-widget_type=\"divider.default\">\n\t\t\t\t<div class=\"elementor-widget-container\">\n\t\t\t\t\t\t\t<div class=\"elementor-divider\">\n\t\t\t<span class=\"elementor-divider-separator\">\n\t\t\t\t\t\t<\/span>\n\t\t<\/div>\n\t\t\t\t\t\t<\/div>\n\t\t\t\t<\/div>\n\t\t\t\t<div class=\"elementor-element elementor-element-836604f elementor-widget elementor-widget-text-editor\" data-id=\"836604f\" data-element_type=\"widget\" data-widget_type=\"text-editor.default\">\n\t\t\t\t<div class=\"elementor-widget-container\">\n\t\t\t\t\t\t\t\t\t<ol>\n<li>Estos t\u00e9rminos legales se refieren a la consulta realizada por el representante autorizado de inmigraci\u00f3n elegido por el cliente, miembro del despacho Martineau &amp; Mindicanu y autorizado por el Barreau du Qu\u00e9bec o el Colegio de Consultores de Inmigraci\u00f3n y Ciudadan\u00eda, ubicado en 7450 St-Hubert, Montr\u00e9al, QC, Canada H2R 2N3, 1-514-360-3190, <a href=\"mailto:info@artim.ca\" target=\"_blank\" rel=\"nofollow noopener\">info@artim.ca<\/a> (en lo sucesivo denominado el abogado\/consultor), sujeto a los siguientes t\u00e9rminos y condiciones.<\/li>\n<li>Durante la consulta, el abogado\/consultor evaluar\u00e1 la admisibilidad y elegibilidad del cliente para la inmigraci\u00f3n permanente o temporal a Canad\u00e1 y \/ o responder\u00e1 a cualquier pregunta relacionada con la ley de inmigraci\u00f3n canadiense (para cualquier provincia).<\/li>\n<li>La <strong>tarifa para la consulta regular<\/strong> es de 350 d\u00f3lares canadienses, a pagar en fideicomiso al momento de programar la consulta. Para la consulta de emergencia, se aplica un cargo adicional de $100. Impuestos federales y provinciales de Canad\u00e1 aplican si el cliente est\u00e1 f\u00edsicamente en Canad\u00e1 al momento de la consulta. En caso que el cliente contrate al despacho para representarlo ante las autoridades migratorias de Canad\u00e1, los honorarios de la consulta se descuentan del total de los honorarios del servicio de representaci\u00f3n, como sigue:\n<ul>\n<li>Aplica para los contratos firmados dentro de 4 semanas despu\u00e9s de la fecha de la consulta preliminar y cuando representa el 10% o menos del total de los honorarios de representaci\u00f3n.<\/li>\n<li>Aplica una sola vez.<\/li>\n<li>La tarifa de emergencia no sirve como descuento.<\/li>\n<\/ul>\n<\/li>\n<li>Si el cliente necesita <strong>cambiar el horario de la cita<\/strong>, puede hacerlo hasta 48 horas antes de la cita, a menos que haya Fuerza mayor.<\/li>\n<li>La Fuerza mayor es un evento impredecible e irresistible, incluyendo causas externas con las mismas caracter\u00edsticas. El abogado\/consultor podr\u00eda solicitar pruebas de tal evento.<\/li>\n<li>La consulta puede anularse y la tarifa es reembolsable, menos una tarifa administrativa de 20%. Esto se puede hacer hasta 48 horas antes de la cita. Los reembolsos pueden demorar hasta 5 d\u00edas h\u00e1biles y ser\u00e1n transferidos a la misma tarjeta de cr\u00e9dito utilizada al momento de la reserva.<\/li>\n<li>La consulta tiene una duraci\u00f3n de <strong>60 minutos<\/strong>. En caso de que dure menos de com\u00fan acuerdo, los minutos que quedan no podr\u00e1n usarse para otros servicios futuros y no podr\u00e1n compensarse mediante un reembolso parcial de la tarifa de consulta. Si el cliente llega tarde a la cita, o si no se presenta, el tiempo perdido no ser\u00e1 compensado y no se emitir\u00e1 ning\u00fan reembolso.<\/li>\n<li>El abogado\/consultor informar\u00e1 al cliente de los honorarios para los servicios de representaci\u00f3n durante la consulta o poco tiempo despu\u00e9s. Los honorarios se establecen con base en varios factores, incluyendo el tipo de programa de inmigraci\u00f3n, la composici\u00f3n de la familia, la complejidad del caso, o cualquier circunstancia particular, seg\u00fan la informaci\u00f3n compartida por el cliente durante la consulta. Si un contrato no se firma dentro de 4 semanas despu\u00e9s de la cita, las tarifas est\u00e1n sujetas a cambios sin previo aviso.<\/li>\n<li>Al realizar la consulta, el cliente no tiene la obligaci\u00f3n de contratar al abogado\/consultor para otros procedimientos de inmigraci\u00f3n. Si el cliente desea contratar al abogado\/consultor, esto ser\u00eda posible si \u00e9ste confirma la elegibilidad del cliente durante la consulta y la capacidad de representarlo. Tomar la consulta no implica que el despacho represente al cliente ante alguna autoridad migratoria. Tampoco obliga al despacho a firmar un contrato de representaci\u00f3n despu\u00e9s.<\/li>\n<li>Toda la informaci\u00f3n es estrictamente confidencial y no ser\u00e1 compartida con ning\u00fan tercero.<\/li>\n<li>El cliente puede compartir copias de documentos durante o antes de la consulta. Antes de la consulta, el abogado\/consultor no tiene la obligaci\u00f3n de leer, a\u00fan parcialmente, las copias as\u00ed compartidas. El despacho se reserva el derecho de destruir esas copias de manera segura sin demora despu\u00e9s de la consulta.<\/li>\n<li>Los t\u00e9rminos y condiciones de este convenio son regidos exclusivamente por las leyes de Quebec, Canad\u00e1. Toda disputa o diferencia relativa a la aplicaci\u00f3n o interpretaci\u00f3n de este convenio, o de toda otra manera relativa a este acuerdo, ser\u00e1 escuchada exclusivamente por una autoridad de Quebec, en Canad\u00e1.<\/li>\n<li>Al aceptar estos t\u00e9rminos, el cliente confirma haber le\u00eddo, comprendido y aceptado los t\u00e9rminos y condiciones mencionados arriba y haber le\u00eddo los detalles adicionales establecidos en esta <a href=\"https:\/\/artim.ca\/fr\/details-consultation\/\" target=\"_blank\" rel=\"nofollow noopener\">p\u00e1gina<\/a>.<\/li>\n<\/ol>\n\t\t\t\t\t\t\t\t<\/div>\n\t\t\t\t<\/div>\n\t\t\t\t\t<\/div>\n\t\t<\/div>\n\t\t\t\t\t<\/div>\n\t\t<\/section>\n\t\t\t\t\t<\/div>\n\t\t<\/div>\n\t\t\t\t\t<\/div>\n\t\t<\/section>\n\t\t\t\t<\/div>\n\t\t","protected":false},"excerpt":{"rendered":"<p>Acc\u00e9der \u00e0 la version en anglais Acc\u00e9der \u00e0 la version en espagnole Accord pour la consultation pr\u00e9liminaire: Ces termes l\u00e9gaux font r\u00e9f\u00e9rence \u00e0 la consultation pr\u00e9liminaire effectu\u00e9e par le repr\u00e9sentant autoris\u00e9 en immigration choisi par le client, membre du cabinet Martineau &amp; Mindicanu et inscrit au Barreau du Qu\u00e9bec ou au Coll\u00e8ge des consultants en [&hellip;]<\/p>\n","protected":false},"author":2,"featured_media":0,"parent":0,"menu_order":0,"comment_status":"closed","ping_status":"closed","template":"","meta":{"footnotes":""},"class_list":["post-3163","page","type-page","status-publish","hentry"],"_links":{"self":[{"href":"https:\/\/artim.ca\/fr\/wp-json\/wp\/v2\/pages\/3163","targetHints":{"allow":["GET"]}}],"collection":[{"href":"https:\/\/artim.ca\/fr\/wp-json\/wp\/v2\/pages"}],"about":[{"href":"https:\/\/artim.ca\/fr\/wp-json\/wp\/v2\/types\/page"}],"author":[{"embeddable":true,"href":"https:\/\/artim.ca\/fr\/wp-json\/wp\/v2\/users\/2"}],"replies":[{"embeddable":true,"href":"https:\/\/artim.ca\/fr\/wp-json\/wp\/v2\/comments?post=3163"}],"version-history":[{"count":16,"href":"https:\/\/artim.ca\/fr\/wp-json\/wp\/v2\/pages\/3163\/revisions"}],"predecessor-version":[{"id":5188,"href":"https:\/\/artim.ca\/fr\/wp-json\/wp\/v2\/pages\/3163\/revisions\/5188"}],"wp:attachment":[{"href":"https:\/\/artim.ca\/fr\/wp-json\/wp\/v2\/media?parent=3163"}],"curies":[{"name":"wp","href":"https:\/\/api.w.org\/{rel}","templated":true}]}}