{"id":4709,"date":"2025-01-07T15:38:02","date_gmt":"2025-01-07T20:38:02","guid":{"rendered":"https:\/\/artim.ca\/politica-de-cookies\/"},"modified":"2025-12-23T00:03:37","modified_gmt":"2025-12-23T05:03:37","slug":"politica-de-cookies","status":"publish","type":"page","link":"https:\/\/artim.ca\/es\/politica-de-cookies\/","title":{"rendered":"Pol\u00edtica de cookies"},"content":{"rendered":"\t\t<div data-elementor-type=\"wp-page\" data-elementor-id=\"4709\" class=\"elementor elementor-4709 elementor-4702\" data-elementor-post-type=\"page\">\n\t\t\t\t<div class=\"elementor-element elementor-element-5a0c0984 e-flex e-con-boxed e-con e-parent\" data-id=\"5a0c0984\" data-element_type=\"container\">\n\t\t\t\t\t<div class=\"e-con-inner\">\n\t\t\t\t<div class=\"elementor-element elementor-element-1a2441d elementor-widget elementor-widget-html\" data-id=\"1a2441d\" data-element_type=\"widget\" data-widget_type=\"html.default\">\n\t\t\t\t<div class=\"elementor-widget-container\">\n\t\t\t\t\t<style>\r\nh2 {\r\n  font-size: 20px !important;\r\n}\r\n<\/style>\r\n\r\n<p>\r\n  <em>Esta Pol\u00edtica de cookies se actualiz\u00f3 por \u00faltima vez el 18 de diciembre de 2025<\/em>\r\n<\/p>\r\n\r\n<h2>1. Introducci\u00f3n<\/h2>\r\n\r\n<p>\r\n  Nuestro sitio web,\r\n    artim.ca\r\n  (en adelante, el \u00absitio web\u00bb), utiliza cookies y tecnolog\u00edas similares para\r\n  garantizar su correcto funcionamiento, mejorar la experiencia del usuario y\r\n  cumplir con las leyes de privacidad aplicables.\r\n<\/p>\r\n\r\n<h2>2. \u00bfQu\u00e9 son las cookies?<\/h2>\r\n\r\n<p>\r\n  Las cookies son peque\u00f1os archivos de texto que se almacenan en su dispositivo\r\n  cuando visita un sitio web. Permiten recordar sus preferencias y analizar el\r\n  uso del sitio.\r\n<\/p>\r\n\r\n<h2>3. \u00bfQu\u00e9 son los scripts?<\/h2>\r\n\r\n<p>\r\n  Los scripts son fragmentos de c\u00f3digo utilizados para que el sitio web funcione\r\n  correctamente y de forma interactiva. Pueden ejecutarse en nuestros servidores\r\n  o en su dispositivo.\r\n<\/p>\r\n\r\n<h2>4. \u00bfQu\u00e9 es una baliza web?<\/h2>\r\n\r\n<p>\r\n  Las balizas web (o p\u00edxeles invisibles) son elementos peque\u00f1os e invisibles que\r\n  se utilizan para supervisar el tr\u00e1fico y los patrones de uso del sitio web.\r\n<\/p>\r\n\r\n<h2>5. Cookies<\/h2>\r\n\r\n<p class=\"cmplz-subtitle\">\r\n  <strong>5.1 Cookies funcionales<\/strong>\r\n<\/p>\r\n\r\n<p>\r\n  Estas cookies son necesarias para el correcto funcionamiento del sitio web y\r\n  no requieren su consentimiento.\r\n<\/p>\r\n\r\n<p class=\"cmplz-subtitle\" style=\"margin-top: 1.5rem;\">\r\n  <strong>5.2 Cookies anal\u00edticas y de marketing<\/strong>\r\n<\/p>\r\n\r\n<p>\r\n  Estas cookies pueden utilizarse para analizar el uso del sitio web o con fines\r\n  de marketing. Solo se instalan con su consentimiento.\r\n<\/p>\r\n\r\n<h2>6. Cookies utilizadas<\/h2>\r\n\r\n<div class=\"cookies-function-container\" style=\"padding-top: 1rem;\">\r\n  <div id=\"cmplz-cookies-overview\"><details class=\"cmplz-dropdown cmplz-service-desc cmplz-dropdown-cookiepolicy \">\n\t<summary class=\"cmplz-service-header\"><div>\n\t\t<h3>WordPress<\/h3>\n\t\t<p>Estad\u00edsticas<\/p>\n\t\t<label for=\"cmplz_service_wordpress\" class=\"cmplz_consent_per_service_label\"><span class=\"screen-reader-text\">Consent to service wordpress<\/span><\/label>\n\t\t<input type=\"checkbox\" id=\"cmplz_service_wordpress\" class=\"cmplz-accept-service cmplz-hidden\" data-service=\"wordpress\" data-category=\"functional\"><\/div>\n\t<\/summary>\n\t<div class=\"cmplz-service-description\">\n\t\t<h4>Uso<\/h4>\n\t\t<p>Usamos WordPress para desarrollo de sitios web. <a target=\"_blank\" rel=\"noopener noreferrer nofollow\" href=\"https:\/\/cookiedatabase.org\/service\/wordpress\/\" aria-label=\"Read more about WordPress service on Cookie Database\">Read more about WordPress<\/a><\/p>\n\t<\/div>\n\t<div class=\"cmplz-sharing-data\">\n\t\t<h4>Compartir datos<\/h4>\n\t\t<p>Estos datos no se comparten con terceros.<\/p>\n\t<\/div>\n\t<div class=\"cookies-per-purpose\">\n    <div class=\"purpose\"><h4>Estad\u00edsticas<\/h4><\/div>\n    <div class=\"name-header\">\n\t<h5>Nombre<\/h5>\n<\/div>\n<div class=\"name\"><a target=\"_blank\" rel=\"noopener noreferrer nofollow\" href=\"https:\/\/cookiedatabase.org\/cookie\/wordpress\/wpemojisettingssupports\/\">wpEmojiSettingsSupports<\/a><\/div>\n<div class=\"retention-header\">\n\t<h5>Caducidad<\/h5>\n<\/div>\n<div class=\"retention\">365 d\u00edas<\/div>\n<div class=\"function-header\">\n\t<h5>Funci\u00f3n<\/h5>\n<\/div>\n<div class=\"function\">Registrar las acciones realizadas en el sitio web<\/div>\n<div class=\"name-header\">\n\t<h5>Nombre<\/h5>\n<\/div>\n<div class=\"name\"><a target=\"_blank\" rel=\"noopener noreferrer nofollow\" href=\"https:\/\/cookiedatabase.org\/cookie\/wordpress\/wordpress_test_cookie\/\">wordpress_test_cookie<\/a><\/div>\n<div class=\"retention-header\">\n\t<h5>Caducidad<\/h5>\n<\/div>\n<div class=\"retention\">365 d\u00edas<\/div>\n<div class=\"function-header\">\n\t<h5>Funci\u00f3n<\/h5>\n<\/div>\n<div class=\"function\">Registrar las acciones realizadas en el sitio web<\/div>\n<div class=\"name-header\">\n\t<h5>Nombre<\/h5>\n<\/div>\n<div class=\"name\"><a target=\"_blank\" rel=\"noopener noreferrer nofollow\" href=\"https:\/\/cookiedatabase.org\/cookie\/wordpress\/wp_lang\/\">wp_lang<\/a><\/div>\n<div class=\"retention-header\">\n\t<h5>Caducidad<\/h5>\n<\/div>\n<div class=\"retention\">365 d\u00edas<\/div>\n<div class=\"function-header\">\n\t<h5>Funci\u00f3n<\/h5>\n<\/div>\n<div class=\"function\">Registrar las acciones realizadas en el sitio web<\/div>\n<div class=\"name-header\">\n\t<h5>Nombre<\/h5>\n<\/div>\n<div class=\"name\"><a target=\"_blank\" rel=\"noopener noreferrer nofollow\" href=\"https:\/\/cookiedatabase.org\/cookie\/wordpress\/wordpress_logged_in_\/\">wordpress_logged_in_*<\/a><\/div>\n<div class=\"retention-header\">\n\t<h5>Caducidad<\/h5>\n<\/div>\n<div class=\"retention\">365 d\u00edas<\/div>\n<div class=\"function-header\">\n\t<h5>Funci\u00f3n<\/h5>\n<\/div>\n<div class=\"function\">Registrar las acciones realizadas en el sitio web<\/div>\n\n<\/div>\n<\/details>\n<details class=\"cmplz-dropdown cmplz-service-desc cmplz-dropdown-cookiepolicy \">\n\t<summary class=\"cmplz-service-header\"><div>\n\t\t<h3>WPML<\/h3>\n\t\t<p>Estad\u00edsticas<\/p>\n\t\t<label for=\"cmplz_service_wpml\" class=\"cmplz_consent_per_service_label\"><span class=\"screen-reader-text\">Consent to service wpml<\/span><\/label>\n\t\t<input type=\"checkbox\" id=\"cmplz_service_wpml\" class=\"cmplz-accept-service cmplz-hidden\" data-service=\"wpml\" data-category=\"functional\"><\/div>\n\t<\/summary>\n\t<div class=\"cmplz-service-description\">\n\t\t<h4>Uso<\/h4>\n\t\t<p>Usamos WPML para gesti\u00f3n local. <a target=\"_blank\" rel=\"noopener noreferrer nofollow\" href=\"https:\/\/cookiedatabase.org\/service\/wpml\/\" aria-label=\"Read more about WPML service on Cookie Database\">Read more about WPML<\/a><\/p>\n\t<\/div>\n\t<div class=\"cmplz-sharing-data\">\n\t\t<h4>Compartir datos<\/h4>\n\t\t<p>Estos datos no se comparten con terceros.<\/p>\n\t<\/div>\n\t<div class=\"cookies-per-purpose\">\n    <div class=\"purpose\"><h4>Estad\u00edsticas<\/h4><\/div>\n    <div class=\"name-header\">\n\t<h5>Nombre<\/h5>\n<\/div>\n<div class=\"name\"><a target=\"_blank\" rel=\"noopener noreferrer nofollow\" href=\"https:\/\/cookiedatabase.org\/cookie\/wpml\/wp-wpml_current_language\/\">wp-wpml_current_language<\/a><\/div>\n<div class=\"retention-header\">\n\t<h5>Caducidad<\/h5>\n<\/div>\n<div class=\"retention\">365 d\u00edas<\/div>\n<div class=\"function-header\">\n\t<h5>Funci\u00f3n<\/h5>\n<\/div>\n<div class=\"function\">Registrar las acciones realizadas en el sitio web<\/div>\n\n<\/div>\n<\/details>\n<details class=\"cmplz-dropdown cmplz-service-desc cmplz-dropdown-cookiepolicy \">\n\t<summary class=\"cmplz-service-header\"><div>\n\t\t<h3>Google Analytics<\/h3>\n\t\t<p>Estad\u00edsticas<\/p>\n\t\t<label for=\"cmplz_service_google-analytics\" class=\"cmplz_consent_per_service_label\"><span class=\"screen-reader-text\">Consent to service google-analytics<\/span><\/label>\n\t\t<input type=\"checkbox\" id=\"cmplz_service_google-analytics\" class=\"cmplz-accept-service cmplz-hidden\" data-service=\"google-analytics\" data-category=\"functional\"><\/div>\n\t<\/summary>\n\t<div class=\"cmplz-service-description\">\n\t\t<h4>Uso<\/h4>\n\t\t<p>Usamos Google Analytics para estad\u00edsticas del sitio web. <a target=\"_blank\" rel=\"noopener noreferrer nofollow\" href=\"https:\/\/cookiedatabase.org\/service\/google-analytics\/\" aria-label=\"Read more about Google Analytics service on Cookie Database\">Read more about Google Analytics<\/a><\/p>\n\t<\/div>\n\t<div class=\"cmplz-sharing-data\">\n\t\t<h4>Compartir datos<\/h4>\n\t\t<p>Para m\u00e1s informaci\u00f3n, por favor, lee la <a target=\"_blank\" rel=\"noopener noreferrer nofollow\" href=\"https:\/\/business.safety.google\/privacy\/\">pol\u00edtica de privacidad de Google Analytics<\/a>.<\/p>\n\t<\/div>\n\t<div class=\"cookies-per-purpose\">\n    <div class=\"purpose\"><h4>Estad\u00edsticas<\/h4><\/div>\n    <div class=\"name-header\">\n\t<h5>Nombre<\/h5>\n<\/div>\n<div class=\"name\"><a target=\"_blank\" rel=\"noopener noreferrer nofollow\" href=\"https:\/\/cookiedatabase.org\/cookie\/google-analytics\/_ga_\/\">_ga_*<\/a><\/div>\n<div class=\"retention-header\">\n\t<h5>Caducidad<\/h5>\n<\/div>\n<div class=\"retention\">365 d\u00edas<\/div>\n<div class=\"function-header\">\n\t<h5>Funci\u00f3n<\/h5>\n<\/div>\n<div class=\"function\">Registrar las acciones realizadas en el sitio web<\/div>\n<div class=\"name-header\">\n\t<h5>Nombre<\/h5>\n<\/div>\n<div class=\"name\"><a target=\"_blank\" rel=\"noopener noreferrer nofollow\" href=\"https:\/\/cookiedatabase.org\/cookie\/google-analytics\/_ga\/\">_ga<\/a><\/div>\n<div class=\"retention-header\">\n\t<h5>Caducidad<\/h5>\n<\/div>\n<div class=\"retention\">365 d\u00edas<\/div>\n<div class=\"function-header\">\n\t<h5>Funci\u00f3n<\/h5>\n<\/div>\n<div class=\"function\">Registrar las acciones realizadas en el sitio web<\/div>\n\n<\/div>\n<\/details>\n<details class=\"cmplz-dropdown cmplz-service-desc cmplz-dropdown-cookiepolicy \">\n\t<summary class=\"cmplz-service-header\"><div>\n\t\t<h3>Elementor<\/h3>\n\t\t<p>Estad\u00edsticas<\/p>\n\t\t<label for=\"cmplz_service_elementor\" class=\"cmplz_consent_per_service_label\"><span class=\"screen-reader-text\">Consent to service elementor<\/span><\/label>\n\t\t<input type=\"checkbox\" id=\"cmplz_service_elementor\" class=\"cmplz-accept-service cmplz-hidden\" data-service=\"elementor\" data-category=\"functional\"><\/div>\n\t<\/summary>\n\t<div class=\"cmplz-service-description\">\n\t\t<h4>Uso<\/h4>\n\t\t<p>Usamos Elementor para creaci\u00f3n de contenido. <a target=\"_blank\" rel=\"noopener noreferrer nofollow\" href=\"https:\/\/cookiedatabase.org\/service\/elementor\/\" aria-label=\"Read more about Elementor service on Cookie Database\">Read more about Elementor<\/a><\/p>\n\t<\/div>\n\t<div class=\"cmplz-sharing-data\">\n\t\t<h4>Compartir datos<\/h4>\n\t\t<p>Estos datos no se comparten con terceros.<\/p>\n\t<\/div>\n\t<div class=\"cookies-per-purpose\">\n    <div class=\"purpose\"><h4>Estad\u00edsticas<\/h4><\/div>\n    <div class=\"name-header\">\n\t<h5>Nombre<\/h5>\n<\/div>\n<div class=\"name\"><a target=\"_blank\" rel=\"noopener noreferrer nofollow\" href=\"https:\/\/cookiedatabase.org\/cookie\/elementor\/elementor\/\">elementor<\/a><\/div>\n<div class=\"retention-header\">\n\t<h5>Caducidad<\/h5>\n<\/div>\n<div class=\"retention\">365 d\u00edas<\/div>\n<div class=\"function-header\">\n\t<h5>Funci\u00f3n<\/h5>\n<\/div>\n<div class=\"function\">Registrar las acciones realizadas en el sitio web<\/div>\n\n<\/div>\n<\/details>\n<details class=\"cmplz-dropdown cmplz-service-desc cmplz-dropdown-cookiepolicy \">\n\t<summary class=\"cmplz-service-header\"><div>\n\t\t<h3>Complianz<\/h3>\n\t\t<p>Estad\u00edsticas<\/p>\n\t\t<label for=\"cmplz_service_complianz\" class=\"cmplz_consent_per_service_label\"><span class=\"screen-reader-text\">Consent to service complianz<\/span><\/label>\n\t\t<input type=\"checkbox\" id=\"cmplz_service_complianz\" class=\"cmplz-accept-service cmplz-hidden\" data-service=\"complianz\" data-category=\"functional\"><\/div>\n\t<\/summary>\n\t<div class=\"cmplz-service-description\">\n\t\t<h4>Uso<\/h4>\n\t\t<p><\/p>\n\t<\/div>\n\t<div class=\"cmplz-sharing-data\">\n\t\t<h4>Compartir datos<\/h4>\n\t\t<p>Estos datos no se comparten con terceros.&nbsp;Para m\u00e1s informaci\u00f3n, por favor, lee la <a target=\"_blank\" rel=\"noopener noreferrer\" href=\"https:\/\/complianz.io\/legal\/privacy-statement\/\">pol\u00edtica de privacidad de Complianz<\/a>.<\/p>\n\t<\/div>\n\t<div class=\"cookies-per-purpose\">\n    <div class=\"purpose\"><h4>Estad\u00edsticas<\/h4><\/div>\n    <div class=\"name-header\">\n\t<h5>Nombre<\/h5>\n<\/div>\n<div class=\"name\"><a target=\"_blank\" rel=\"noopener noreferrer nofollow\" href=\"https:\/\/cookiedatabase.org\/cookie\/unknown-service\/cmplz_rt_functional\/\">cmplz_rt_functional<\/a><\/div>\n<div class=\"retention-header\">\n\t<h5>Caducidad<\/h5>\n<\/div>\n<div class=\"retention\">365 d\u00edas<\/div>\n<div class=\"function-header\">\n\t<h5>Funci\u00f3n<\/h5>\n<\/div>\n<div class=\"function\">Registrar las acciones realizadas en el sitio web<\/div>\n<div class=\"name-header\">\n\t<h5>Nombre<\/h5>\n<\/div>\n<div class=\"name\"><a target=\"_blank\" rel=\"noopener noreferrer nofollow\" href=\"https:\/\/cookiedatabase.org\/cookie\/unknown-service\/cmplz_rt_statistics\/\">cmplz_rt_statistics<\/a><\/div>\n<div class=\"retention-header\">\n\t<h5>Caducidad<\/h5>\n<\/div>\n<div class=\"retention\">365 d\u00edas<\/div>\n<div class=\"function-header\">\n\t<h5>Funci\u00f3n<\/h5>\n<\/div>\n<div class=\"function\">Registrar las acciones realizadas en el sitio web<\/div>\n<div class=\"name-header\">\n\t<h5>Nombre<\/h5>\n<\/div>\n<div class=\"name\"><a target=\"_blank\" rel=\"noopener noreferrer nofollow\" href=\"https:\/\/cookiedatabase.org\/cookie\/unknown-service\/cmplz_rt_preferences\/\">cmplz_rt_preferences<\/a><\/div>\n<div class=\"retention-header\">\n\t<h5>Caducidad<\/h5>\n<\/div>\n<div class=\"retention\">365 d\u00edas<\/div>\n<div class=\"function-header\">\n\t<h5>Funci\u00f3n<\/h5>\n<\/div>\n<div class=\"function\">Registrar las acciones realizadas en el sitio web<\/div>\n<div class=\"name-header\">\n\t<h5>Nombre<\/h5>\n<\/div>\n<div class=\"name\"><a target=\"_blank\" rel=\"noopener noreferrer nofollow\" href=\"https:\/\/cookiedatabase.org\/cookie\/unknown-service\/cmplz_rt_marketing\/\">cmplz_rt_marketing<\/a><\/div>\n<div class=\"retention-header\">\n\t<h5>Caducidad<\/h5>\n<\/div>\n<div class=\"retention\">365 d\u00edas<\/div>\n<div class=\"function-header\">\n\t<h5>Funci\u00f3n<\/h5>\n<\/div>\n<div class=\"function\">Registrar las acciones realizadas en el sitio web<\/div>\n\n<\/div>\n<\/details>\n<details class=\"cmplz-dropdown cmplz-service-desc cmplz-dropdown-cookiepolicy \">\n\t<summary class=\"cmplz-service-header\"><div>\n\t\t<h3>Google Fonts<\/h3>\n\t\t<p>Estad\u00edsticas<\/p>\n\t\t<label for=\"cmplz_service_google-fonts\" class=\"cmplz_consent_per_service_label\"><span class=\"screen-reader-text\">Consent to service google-fonts<\/span><\/label>\n\t\t<input type=\"checkbox\" id=\"cmplz_service_google-fonts\" class=\"cmplz-accept-service cmplz-hidden\" data-service=\"google-fonts\" data-category=\"functional\"><\/div>\n\t<\/summary>\n\t<div class=\"cmplz-service-description\">\n\t\t<h4>Uso<\/h4>\n\t\t<p>Usamos Google Fonts para mostrar fuentes web. <a target=\"_blank\" rel=\"noopener noreferrer nofollow\" href=\"https:\/\/cookiedatabase.org\/service\/google-fonts\/\" aria-label=\"Read more about Google Fonts service on Cookie Database\">Read more about Google Fonts<\/a><\/p>\n\t<\/div>\n\t<div class=\"cmplz-sharing-data\">\n\t\t<h4>Compartir datos<\/h4>\n\t\t<p>Para m\u00e1s informaci\u00f3n, por favor, lee la <a target=\"_blank\" rel=\"noopener noreferrer nofollow\" href=\"https:\/\/policies.google.com\/privacy\">pol\u00edtica de privacidad de Google Fonts<\/a>.<\/p>\n\t<\/div>\n\t<div class=\"cookies-per-purpose\">\n    <div class=\"purpose\"><h4>Estad\u00edsticas<\/h4><\/div>\n    <div class=\"name-header\">\n\t<h5>Nombre<\/h5>\n<\/div>\n<div class=\"name\"><a target=\"_blank\" rel=\"noopener noreferrer nofollow\" href=\"https:\/\/cookiedatabase.org\/cookie\/google-fonts\/tcb_google_fonts\/\">Google Fonts API<\/a><\/div>\n<div class=\"retention-header\">\n\t<h5>Caducidad<\/h5>\n<\/div>\n<div class=\"retention\">365 d\u00edas<\/div>\n<div class=\"function-header\">\n\t<h5>Funci\u00f3n<\/h5>\n<\/div>\n<div class=\"function\">Registrar las acciones realizadas en el sitio web<\/div>\n\n<\/div>\n<\/details>\n<details class=\"cmplz-dropdown cmplz-service-desc cmplz-dropdown-cookiepolicy \">\n\t<summary class=\"cmplz-service-header\"><div>\n\t\t<h3>Google reCAPTCHA<\/h3>\n\t\t<p>Estad\u00edsticas<\/p>\n\t\t<label for=\"cmplz_service_google-recaptcha\" class=\"cmplz_consent_per_service_label\"><span class=\"screen-reader-text\">Consent to service google-recaptcha<\/span><\/label>\n\t\t<input type=\"checkbox\" id=\"cmplz_service_google-recaptcha\" class=\"cmplz-accept-service cmplz-hidden\" data-service=\"google-recaptcha\" data-category=\"functional\"><\/div>\n\t<\/summary>\n\t<div class=\"cmplz-service-description\">\n\t\t<h4>Uso<\/h4>\n\t\t<p>Usamos Google reCAPTCHA para prevenci\u00f3n de spam. <a target=\"_blank\" rel=\"noopener noreferrer nofollow\" href=\"https:\/\/cookiedatabase.org\/service\/google-recaptcha\/\" aria-label=\"Read more about Google reCAPTCHA service on Cookie Database\">Read more about Google reCAPTCHA<\/a><\/p>\n\t<\/div>\n\t<div class=\"cmplz-sharing-data\">\n\t\t<h4>Compartir datos<\/h4>\n\t\t<p>Para m\u00e1s informaci\u00f3n, por favor, lee la <a target=\"_blank\" rel=\"noopener noreferrer nofollow\" href=\"https:\/\/policies.google.com\/privacy\">pol\u00edtica de privacidad de Google reCAPTCHA<\/a>.<\/p>\n\t<\/div>\n\t<div class=\"cookies-per-purpose\">\n    <div class=\"purpose\"><h4>Estad\u00edsticas<\/h4><\/div>\n    <div class=\"name-header\">\n\t<h5>Nombre<\/h5>\n<\/div>\n<div class=\"name\"><a target=\"_blank\" rel=\"noopener noreferrer nofollow\" href=\"https:\/\/cookiedatabase.org\/cookie\/google-recaptcha\/rcc\/\">rc::c<\/a><\/div>\n<div class=\"retention-header\">\n\t<h5>Caducidad<\/h5>\n<\/div>\n<div class=\"retention\">365 d\u00edas<\/div>\n<div class=\"function-header\">\n\t<h5>Funci\u00f3n<\/h5>\n<\/div>\n<div class=\"function\">Registrar las acciones realizadas en el sitio web<\/div>\n<div class=\"name-header\">\n\t<h5>Nombre<\/h5>\n<\/div>\n<div class=\"name\"><a target=\"_blank\" rel=\"noopener noreferrer nofollow\" href=\"https:\/\/cookiedatabase.org\/cookie\/google-recaptcha\/rcb\/\">rc::b<\/a><\/div>\n<div class=\"retention-header\">\n\t<h5>Caducidad<\/h5>\n<\/div>\n<div class=\"retention\">365 d\u00edas<\/div>\n<div class=\"function-header\">\n\t<h5>Funci\u00f3n<\/h5>\n<\/div>\n<div class=\"function\">Registrar las acciones realizadas en el sitio web<\/div>\n<div class=\"name-header\">\n\t<h5>Nombre<\/h5>\n<\/div>\n<div class=\"name\"><a target=\"_blank\" rel=\"noopener noreferrer nofollow\" href=\"https:\/\/cookiedatabase.org\/cookie\/google-recaptcha\/rca\/\">rc::a<\/a><\/div>\n<div class=\"retention-header\">\n\t<h5>Caducidad<\/h5>\n<\/div>\n<div class=\"retention\">365 d\u00edas<\/div>\n<div class=\"function-header\">\n\t<h5>Funci\u00f3n<\/h5>\n<\/div>\n<div class=\"function\">Registrar las acciones realizadas en el sitio web<\/div>\n\n<\/div>\n<\/details>\n<details class=\"cmplz-dropdown cmplz-service-desc cmplz-dropdown-cookiepolicy \">\n\t<summary class=\"cmplz-service-header\"><div>\n\t\t<h3>Varios<\/h3>\n\t\t<p>Prop\u00f3sito pendiente de investigaci\u00f3n<\/p>\n\t\t<label for=\"cmplz_service_varios\" class=\"cmplz_consent_per_service_label\"><span class=\"screen-reader-text\">Consent to service varios<\/span><\/label>\n\t\t<input type=\"checkbox\" id=\"cmplz_service_varios\" class=\"cmplz-accept-service cmplz-hidden\" data-service=\"varios\" data-category=\"functional\"><\/div>\n\t<\/summary>\n\t<div class=\"cmplz-service-description\">\n\t\t<h4>Uso<\/h4>\n\t\t<p><\/p>\n\t<\/div>\n\t<div class=\"cmplz-sharing-data\">\n\t\t<h4>Compartir datos<\/h4>\n\t\t<p>El intercambio de datos est\u00e1 pendiente de investigaci\u00f3n<\/p>\n\t<\/div>\n\t<div class=\"cookies-per-purpose\">\n    <div class=\"purpose\"><h4>Prop\u00f3sito pendiente de investigaci\u00f3n<\/h4><\/div>\n    <div class=\"name-header\">\n\t<h5>Nombre<\/h5>\n<\/div>\n<div class=\"name\">cookieyes-consent<\/div>\n<div class=\"retention-header\">\n\t<h5>Caducidad<\/h5>\n<\/div>\n<div class=\"retention\"><\/div>\n<div class=\"function-header\">\n\t<h5>Funci\u00f3n<\/h5>\n<\/div>\n<div class=\"function\"><\/div>\n<div class=\"name-header\">\n\t<h5>Nombre<\/h5>\n<\/div>\n<div class=\"name\">wp-settings-2<\/div>\n<div class=\"retention-header\">\n\t<h5>Caducidad<\/h5>\n<\/div>\n<div class=\"retention\"><\/div>\n<div class=\"function-header\">\n\t<h5>Funci\u00f3n<\/h5>\n<\/div>\n<div class=\"function\"><\/div>\n<div class=\"name-header\">\n\t<h5>Nombre<\/h5>\n<\/div>\n<div class=\"name\">wp-settings-time-2<\/div>\n<div class=\"retention-header\">\n\t<h5>Caducidad<\/h5>\n<\/div>\n<div class=\"retention\"><\/div>\n<div class=\"function-header\">\n\t<h5>Funci\u00f3n<\/h5>\n<\/div>\n<div class=\"function\"><\/div>\n<div class=\"name-header\">\n\t<h5>Nombre<\/h5>\n<\/div>\n<div class=\"name\">e_kit-elements-defaults<\/div>\n<div class=\"retention-header\">\n\t<h5>Caducidad<\/h5>\n<\/div>\n<div class=\"retention\"><\/div>\n<div class=\"function-header\">\n\t<h5>Funci\u00f3n<\/h5>\n<\/div>\n<div class=\"function\"><\/div>\n<div class=\"name-header\">\n\t<h5>Nombre<\/h5>\n<\/div>\n<div class=\"name\">mp_gen_new_tab_id_mixpanel_150605b3b9f979922f2ac5a52e2dcfe9<\/div>\n<div class=\"retention-header\">\n\t<h5>Caducidad<\/h5>\n<\/div>\n<div class=\"retention\"><\/div>\n<div class=\"function-header\">\n\t<h5>Funci\u00f3n<\/h5>\n<\/div>\n<div class=\"function\"><\/div>\n<div class=\"name-header\">\n\t<h5>Nombre<\/h5>\n<\/div>\n<div class=\"name\">mp_tab_id_mixpanel_150605b3b9f979922f2ac5a52e2dcfe9<\/div>\n<div class=\"retention-header\">\n\t<h5>Caducidad<\/h5>\n<\/div>\n<div class=\"retention\"><\/div>\n<div class=\"function-header\">\n\t<h5>Funci\u00f3n<\/h5>\n<\/div>\n<div class=\"function\"><\/div>\n<div class=\"name-header\">\n\t<h5>Nombre<\/h5>\n<\/div>\n<div class=\"name\">rank-math-option-general-index<\/div>\n<div class=\"retention-header\">\n\t<h5>Caducidad<\/h5>\n<\/div>\n<div class=\"retention\"><\/div>\n<div class=\"function-header\">\n\t<h5>Funci\u00f3n<\/h5>\n<\/div>\n<div class=\"function\"><\/div>\n<div class=\"name-header\">\n\t<h5>Nombre<\/h5>\n<\/div>\n<div class=\"name\">rank-math-option-sitemap-index<\/div>\n<div class=\"retention-header\">\n\t<h5>Caducidad<\/h5>\n<\/div>\n<div class=\"retention\"><\/div>\n<div class=\"function-header\">\n\t<h5>Funci\u00f3n<\/h5>\n<\/div>\n<div class=\"function\"><\/div>\n<div class=\"name-header\">\n\t<h5>Nombre<\/h5>\n<\/div>\n<div class=\"name\">rank-math-option-titles-index<\/div>\n<div class=\"retention-header\">\n\t<h5>Caducidad<\/h5>\n<\/div>\n<div class=\"retention\"><\/div>\n<div class=\"function-header\">\n\t<h5>Funci\u00f3n<\/h5>\n<\/div>\n<div class=\"function\"><\/div>\n<div class=\"name-header\">\n\t<h5>Nombre<\/h5>\n<\/div>\n<div class=\"name\">rank-math-option-search-index<\/div>\n<div class=\"retention-header\">\n\t<h5>Caducidad<\/h5>\n<\/div>\n<div class=\"retention\"><\/div>\n<div class=\"function-header\">\n\t<h5>Funci\u00f3n<\/h5>\n<\/div>\n<div class=\"function\"><\/div>\n<div class=\"name-header\">\n\t<h5>Nombre<\/h5>\n<\/div>\n<div class=\"name\">wp-settings-6<\/div>\n<div class=\"retention-header\">\n\t<h5>Caducidad<\/h5>\n<\/div>\n<div class=\"retention\"><\/div>\n<div class=\"function-header\">\n\t<h5>Funci\u00f3n<\/h5>\n<\/div>\n<div class=\"function\"><\/div>\n<div class=\"name-header\">\n\t<h5>Nombre<\/h5>\n<\/div>\n<div class=\"name\">wp-settings-time-6<\/div>\n<div class=\"retention-header\">\n\t<h5>Caducidad<\/h5>\n<\/div>\n<div class=\"retention\"><\/div>\n<div class=\"function-header\">\n\t<h5>Funci\u00f3n<\/h5>\n<\/div>\n<div class=\"function\"><\/div>\n\n<\/div>\n<\/details>\n<\/div>\r\n<\/div>\r\n\r\n<div style=\"margin-top: 2rem;\"><\/div>\r\n\r\n<h2>7. Consentimiento<\/h2>\r\n\r\n<p>\r\n  Cuando visita el sitio web por primera vez, se mostrar\u00e1 un aviso de\r\n  consentimiento que le permitir\u00e1 gestionar sus preferencias de cookies.\r\n<\/p>\r\n\r\n<h2>8. Gesti\u00f3n de cookies<\/h2>\r\n\r\n<p>\r\n  Puede configurar su navegador para bloquear o eliminar las cookies. La\r\n  desactivaci\u00f3n de ciertas cookies puede afectar al funcionamiento del sitio\r\n  web.\r\n<\/p>\r\n\r\n<h2>9. Sus derechos<\/h2>\r\n\r\n<p>\r\n  Usted tiene derechos con respecto al uso de cookies y de sus datos personales\r\n  conforme a las leyes aplicables.\r\n<\/p>\r\n\r\n<p style=\"margin-top: 1.75rem;\">\r\n  Para ejercer sus derechos, p\u00f3ngase en contacto con nosotros a trav\u00e9s de la\r\n  informaci\u00f3n que figura a continuaci\u00f3n.\r\n<\/p>\r\n\r\n<h2>10. Datos de contacto<\/h2>\r\n\r\n<p>\r\n  <span class=\"cmplz-contact-organisation\">\r\n    <strong>Martineau &amp; Mindicanu \u2013 the Art of Immigration<\/strong>\r\n  <\/span><br>\r\n  <span class=\"cmplz-contact-address\">\r\n    7450 Saint-Hubert, Montreal, Quebec H2R 2N3, Canada\r\n  <\/span><br>\r\n  <span class=\"cmplz-contact-country\">Canada<\/span><br>\r\n  Sitio web:\r\n  <span class=\"cmplz-contact-domain\">\r\n      artim.ca\r\n  <\/span><br>\r\n  Correo electr\u00f3nico:\r\n  <span class=\"cmplz-contact-email\">\r\n    info@artim.ca\r\n  <\/span>\r\n<\/p>\r\n\t\t\t\t<\/div>\n\t\t\t\t<\/div>\n\t\t\t\t\t<\/div>\n\t\t\t\t<\/div>\n\t\t\t\t<\/div>\n\t\t","protected":false},"excerpt":{"rendered":"<p>Esta Pol\u00edtica de cookies se actualiz\u00f3 por \u00faltima vez el 18 de diciembre de 2025 1. Introducci\u00f3n Nuestro sitio web, artim.ca (en adelante, el \u00absitio web\u00bb), utiliza cookies y tecnolog\u00edas similares para garantizar su correcto funcionamiento, mejorar la experiencia del usuario y cumplir con las leyes de privacidad aplicables. 2. \u00bfQu\u00e9 son las cookies? Las [&hellip;]<\/p>\n","protected":false},"author":2,"featured_media":0,"parent":0,"menu_order":0,"comment_status":"closed","ping_status":"closed","template":"","meta":{"footnotes":""},"class_list":["post-4709","page","type-page","status-publish","hentry"],"_links":{"self":[{"href":"https:\/\/artim.ca\/es\/wp-json\/wp\/v2\/pages\/4709","targetHints":{"allow":["GET"]}}],"collection":[{"href":"https:\/\/artim.ca\/es\/wp-json\/wp\/v2\/pages"}],"about":[{"href":"https:\/\/artim.ca\/es\/wp-json\/wp\/v2\/types\/page"}],"author":[{"embeddable":true,"href":"https:\/\/artim.ca\/es\/wp-json\/wp\/v2\/users\/2"}],"replies":[{"embeddable":true,"href":"https:\/\/artim.ca\/es\/wp-json\/wp\/v2\/comments?post=4709"}],"version-history":[{"count":3,"href":"https:\/\/artim.ca\/es\/wp-json\/wp\/v2\/pages\/4709\/revisions"}],"predecessor-version":[{"id":5243,"href":"https:\/\/artim.ca\/es\/wp-json\/wp\/v2\/pages\/4709\/revisions\/5243"}],"wp:attachment":[{"href":"https:\/\/artim.ca\/es\/wp-json\/wp\/v2\/media?parent=4709"}],"curies":[{"name":"wp","href":"https:\/\/api.w.org\/{rel}","templated":true}]}}